{"id":2775,"date":"2025-01-24T10:11:56","date_gmt":"2025-01-24T10:11:56","guid":{"rendered":"https:\/\/turismo.w4msolutions.com\/comunicaciones\/"},"modified":"2026-03-26T17:18:19","modified_gmt":"2026-03-26T17:18:19","slug":"comunicaciones","status":"publish","type":"page","link":"https:\/\/turismo.w4msolutions.com\/es\/comunicaciones\/","title":{"rendered":"Comunicaciones"},"content":{"rendered":"<p>[et_pb_section fb_built=\u00bb1&#8243; _builder_version=\u00bb4.27.4&#8243; _module_preset=\u00bbdefault\u00bb background_color=\u00bb#F57233&#8243; use_background_color_gradient=\u00bbon\u00bb background_color_gradient_stops=\u00bbrgba(0,0,0,0.2) 0%|rgba(0,0,0,0.3) 100%\u00bb background_color_gradient_overlays_image=\u00bbon\u00bb background_image=\u00bbhttps:\/\/turismo.w4msolutions.com\/wp-content\/uploads\/2025\/08\/img_comunicacoes3_topo.avif\u00bb background_position=\u00bbtop_center\u00bb custom_margin=\u00bb-150px||||false|false\u00bb custom_padding=\u00bb260px||29px||false|false\u00bb global_colors_info=\u00bb{}\u00bb][et_pb_row _builder_version=\u00bb4.27.4&#8243; _module_preset=\u00bbdefault\u00bb global_colors_info=\u00bb{}\u00bb][et_pb_column type=\u00bb4_4&#8243; _builder_version=\u00bb4.27.4&#8243; _module_preset=\u00bbdefault\u00bb pac_dcm_carousel_specific_module_num=\u00bb0&#8243; global_colors_info=\u00bb{}\u00bb][et_pb_text _builder_version=\u00bb4.27.4&#8243; _module_preset=\u00bbdefault\u00bb header_line_height=\u00bb1.5em\u00bb header_3_text_align=\u00bbcenter\u00bb header_3_text_color=\u00bb#FFFFFF\u00bb header_3_font_size=\u00bb25px\u00bb header_3_line_height=\u00bb1.3em\u00bb custom_margin=\u00bb||0px||false|false\u00bb global_colors_info=\u00bb{}\u00bb]<\/p>\n<h3>COMUNICACIONES<\/h3>\n<p>[\/et_pb_text][\/et_pb_column][\/et_pb_row][\/et_pb_section][et_pb_section fb_built=\u00bb1&#8243; module_id=\u00bbcentral-telefonica\u00bb _builder_version=\u00bb4.27.4&#8243; _module_preset=\u00bbdefault\u00bb global_colors_info=\u00bb{}\u00bb][et_pb_row column_structure=\u00bb1_2,1_2&#8243; custom_padding_last_edited=\u00bbon|phone\u00bb _builder_version=\u00bb4.27.4&#8243; _module_preset=\u00bbdefault\u00bb width=\u00bb90%\u00bb custom_padding=\u00bb60px||60px|||\u00bb custom_padding_tablet=\u00bb60px||60px|||\u00bb custom_padding_phone=\u00bb25px||25px||true|false\u00bb global_colors_info=\u00bb{}\u00bb][et_pb_column type=\u00bb1_2&#8243; _builder_version=\u00bb4.27.4&#8243; _module_preset=\u00bbdefault\u00bb pac_dcm_carousel_specific_module_num=\u00bb0&#8243; global_colors_info=\u00bb{}\u00bb][et_pb_text _builder_version=\u00bb4.27.4&#8243; _module_preset=\u00bbdefault\u00bb text_font=\u00bb&#8211;et_global_body_font|600||on|||||\u00bb text_text_color=\u00bb#F57233&#8243; custom_margin=\u00bb||18px|||\u00bb global_colors_info=\u00bb{}\u00bb]<\/p>\n<p>Central Telef\u00f3nica<\/p>\n<p>[\/et_pb_text][et_pb_text _builder_version=\u00bb4.27.4&#8243; _module_preset=\u00bbdefault\u00bb header_line_height=\u00bb1.5em\u00bb header_3_font_size=\u00bb25px\u00bb header_3_line_height=\u00bb1.3em\u00bb custom_margin=\u00bb||15px|||\u00bb hover_enabled=\u00bb0&#8243; global_colors_info=\u00bb{}\u00bb sticky_enabled=\u00bb0&#8243;]<\/p>\n<h3><strong>Centrais telef\u00f3nicas para hot\u00e9is<\/strong><\/h3>\n<p>[\/et_pb_text][et_pb_text ul_item_indent=\u00bb30px\u00bb _builder_version=\u00bb4.27.4&#8243; _module_preset=\u00bbdefault\u00bb text_font_size=\u00bb14px\u00bb ul_line_height=\u00bb1.7em\u00bb hover_enabled=\u00bb0&#8243; global_colors_info=\u00bb{}\u00bb sticky_enabled=\u00bb0&#8243;]<\/p>\n<p>As nossas solu\u00e7\u00f5es incluem sistemas de telefonia IP-PBX, terminais fixos e m\u00f3veis, gateways de voz e integra\u00e7\u00e3o com sistemas de gest\u00e3o hoteleira (PMS):<\/p>\n<p>[\/et_pb_text][et_pb_blurb use_icon=\u00bbon\u00bb font_icon=\u00bb&#x5a;||divi||400&#8243; icon_placement=\u00bbleft\u00bb content_max_width=\u00bb100%\u00bb _builder_version=\u00bb4.27.4&#8243; _module_preset=\u00bbdefault\u00bb header_font_size=\u00bb16px\u00bb body_font_size=\u00bb14px\u00bb custom_margin=\u00bb||20px||false|false\u00bb hover_enabled=\u00bb0&#8243; global_colors_info=\u00bb{}\u00bb sticky_enabled=\u00bb0&#8243;]<\/p>\n<p><strong>Integra\u00e7\u00e3o com PMS<\/strong>: automatiza check-in\/check-out e permite a fatura\u00e7\u00e3o direta.<\/p>\n<p>[\/et_pb_blurb][et_pb_blurb use_icon=\u00bbon\u00bb font_icon=\u00bb&#x5a;||divi||400&#8243; icon_placement=\u00bbleft\u00bb content_max_width=\u00bb100%\u00bb _builder_version=\u00bb4.27.4&#8243; _module_preset=\u00bbdefault\u00bb header_font_size=\u00bb16px\u00bb body_font_size=\u00bb14px\u00bb custom_margin=\u00bb||20px||false|false\u00bb hover_enabled=\u00bb0&#8243; global_colors_info=\u00bb{}\u00bb sticky_enabled=\u00bb0&#8243;]<\/p>\n<p><strong>DND (N\u00e3o Perturbar)<\/strong>: bloqueia chamadas externas para quartos espec\u00edficos.<\/p>\n<p>[\/et_pb_blurb][et_pb_blurb use_icon=\u00bbon\u00bb font_icon=\u00bb&#x5a;||divi||400&#8243; icon_placement=\u00bbleft\u00bb content_max_width=\u00bb100%\u00bb _builder_version=\u00bb4.27.4&#8243; _module_preset=\u00bbdefault\u00bb header_font_size=\u00bb16px\u00bb body_font_size=\u00bb14px\u00bb custom_margin=\u00bb||20px||false|false\u00bb hover_enabled=\u00bb0&#8243; global_colors_info=\u00bb{}\u00bb sticky_enabled=\u00bb0&#8243;]<\/p>\n<p><strong>Chamadas de Despertar<\/strong>: programa\u00e7\u00e3o de wake-up calls para h\u00f3spedes.<\/p>\n<p>[\/et_pb_blurb][et_pb_blurb use_icon=\u00bbon\u00bb font_icon=\u00bb&#x5a;||divi||400&#8243; icon_placement=\u00bbleft\u00bb content_max_width=\u00bb100%\u00bb _builder_version=\u00bb4.27.4&#8243; _module_preset=\u00bbdefault\u00bb header_font_size=\u00bb16px\u00bb body_font_size=\u00bb14px\u00bb custom_margin=\u00bb||20px||false|false\u00bb hover_enabled=\u00bb0&#8243; global_colors_info=\u00bb{}\u00bb sticky_enabled=\u00bb0&#8243;]<\/p>\n<p><strong>Terminais IP:<\/strong> telefones fixos em quartos, \u00e1reas comuns e departamentos administrativos, preparados para utiliza\u00e7\u00e3o sobre rede IP.<\/p>\n<p>[\/et_pb_blurb][\/et_pb_column][et_pb_column type=\u00bb1_2&#8243; _builder_version=\u00bb4.27.4&#8243; _module_preset=\u00bbdefault\u00bb pac_dcm_carousel_specific_module_num=\u00bb0&#8243; global_colors_info=\u00bb{}\u00bb][et_pb_image src=\u00bbhttps:\/\/turismo.w4msolutions.com\/wp-content\/uploads\/2025\/02\/W4M_central-telefonica.jpg\u00bb alt=\u00bbcaptive portals\u00bb title_text=\u00bbW4M_central-telefonica\u00bb _builder_version=\u00bb4.27.4&#8243; _module_preset=\u00bbdefault\u00bb width_tablet=\u00bb80%\u00bb width_phone=\u00bb80%\u00bb width_last_edited=\u00bboff|desktop\u00bb module_alignment=\u00bbcenter\u00bb animation_direction=\u00bbbottom\u00bb border_radii=\u00bbon|5px|5px|5px|5px\u00bb box_shadow_style=\u00bbpreset2&#8243; box_shadow_color=\u00bbrgba(0,0,0,0.2)\u00bb global_colors_info=\u00bb{}\u00bb][\/et_pb_image][\/et_pb_column][\/et_pb_row][\/et_pb_section][et_pb_section fb_built=\u00bb1&#8243; module_id=\u00bbvideoconferencia\u00bb _builder_version=\u00bb4.27.4&#8243; _module_preset=\u00bbdefault\u00bb background_color=\u00bb#f2f2f2&#8243; global_colors_info=\u00bb{}\u00bb][et_pb_row column_structure=\u00bb1_2,1_2&#8243; make_equal=\u00bbon\u00bb custom_padding_last_edited=\u00bbon|phone\u00bb _builder_version=\u00bb4.27.4&#8243; _module_preset=\u00bbdefault\u00bb width=\u00bb90%\u00bb custom_padding=\u00bb60px||60px|||\u00bb custom_padding_tablet=\u00bb60px||60px|||\u00bb custom_padding_phone=\u00bb25px||25px||true|false\u00bb global_colors_info=\u00bb{}\u00bb custom_css_main_element_last_edited=\u00bbon|desktop\u00bb custom_css_main_element_phone=\u00bbdisplay:flex;||flex-direction:column-reverse;\u00bb][et_pb_column type=\u00bb1_2&#8243; _builder_version=\u00bb4.27.4&#8243; _module_preset=\u00bbdefault\u00bb custom_css_main_element=\u00bbdisplay:flex;||flex-direction:column;||justify-content:center;\u00bb pac_dcm_carousel_specific_module_num=\u00bb0&#8243; global_colors_info=\u00bb{}\u00bb][et_pb_image src=\u00bbhttps:\/\/turismo.w4msolutions.com\/wp-content\/uploads\/2025\/02\/W4M_videoconferencias-hotel.jpg\u00bb alt=\u00bbcaptive portals\u00bb title_text=\u00bbW4M_videoconferencias-hotel\u00bb _builder_version=\u00bb4.27.4&#8243; _module_preset=\u00bbdefault\u00bb width_tablet=\u00bb80%\u00bb width_phone=\u00bb80%\u00bb width_last_edited=\u00bboff|desktop\u00bb module_alignment=\u00bbcenter\u00bb animation_direction=\u00bbbottom\u00bb border_radii=\u00bbon|5px|5px|5px|5px\u00bb box_shadow_style=\u00bbpreset2&#8243; box_shadow_color=\u00bbrgba(0,0,0,0.2)\u00bb global_colors_info=\u00bb{}\u00bb][\/et_pb_image][\/et_pb_column][et_pb_column type=\u00bb1_2&#8243; _builder_version=\u00bb4.27.4&#8243; _module_preset=\u00bbdefault\u00bb pac_dcm_carousel_specific_module_num=\u00bb0&#8243; global_colors_info=\u00bb{}\u00bb][et_pb_text _builder_version=\u00bb4.27.4&#8243; _module_preset=\u00bbdefault\u00bb text_font=\u00bb&#8211;et_global_body_font|600||on|||||\u00bb text_text_color=\u00bb#F57233&#8243; custom_margin=\u00bb||18px|||\u00bb hover_enabled=\u00bb0&#8243; global_colors_info=\u00bb{}\u00bb sticky_enabled=\u00bb0&#8243;]<\/p>\n<p>Sistemas de videoconfer\u00eancia<\/p>\n<p>[\/et_pb_text][et_pb_text _builder_version=\u00bb4.27.4&#8243; _module_preset=\u00bbdefault\u00bb header_line_height=\u00bb1.5em\u00bb header_3_font_size=\u00bb25px\u00bb header_3_line_height=\u00bb1.3em\u00bb custom_margin=\u00bb||15px|||\u00bb global_colors_info=\u00bb{}\u00bb]<\/p>\n<h3>Transformando el turismo con conectividad y eficiencia<\/h3>\n<p>[\/et_pb_text][et_pb_text ul_item_indent=\u00bb30px\u00bb _builder_version=\u00bb4.27.4&#8243; _module_preset=\u00bbdefault\u00bb text_font_size=\u00bb14px\u00bb ul_line_height=\u00bb1.7em\u00bb hover_enabled=\u00bb0&#8243; global_colors_info=\u00bb{}\u00bb sticky_enabled=\u00bb0&#8243;]<\/p>\n<p>A W4M oferece solu\u00e7\u00f5es de <strong>videoconfer\u00eancia integradas com sistemas sonoros profissionais<\/strong>, garantindo comunica\u00e7\u00f5es claras, produtivas e de alta qualidade, tanto para h\u00f3spedes como para colaboradores.<\/p>\n<p>[\/et_pb_text][et_pb_blurb use_icon=\u00bbon\u00bb font_icon=\u00bb&#x5a;||divi||400&#8243; icon_placement=\u00bbleft\u00bb content_max_width=\u00bb100%\u00bb _builder_version=\u00bb4.27.4&#8243; _module_preset=\u00bbdefault\u00bb header_font_size=\u00bb16px\u00bb body_font_size=\u00bb14px\u00bb custom_margin=\u00bb||20px||false|false\u00bb hover_enabled=\u00bb0&#8243; global_colors_info=\u00bb{}\u00bb sticky_enabled=\u00bb0&#8243;]<\/p>\n<p><strong data-start=\"478\" data-end=\"515\">Salas para Eventos e Confer\u00eancias<\/strong>: suporte a reuni\u00f5es, workshops e confer\u00eancias com \u00e1udio e v\u00eddeo de alta qualidade.<\/p>\n<p>[\/et_pb_blurb][et_pb_blurb use_icon=\u00bbon\u00bb font_icon=\u00bb&#x5a;||divi||400&#8243; icon_placement=\u00bbleft\u00bb content_max_width=\u00bb100%\u00bb _builder_version=\u00bb4.27.4&#8243; _module_preset=\u00bbdefault\u00bb header_font_size=\u00bb16px\u00bb body_font_size=\u00bb14px\u00bb custom_margin=\u00bb||20px||false|false\u00bb hover_enabled=\u00bb0&#8243; global_colors_info=\u00bb{}\u00bb sticky_enabled=\u00bb0&#8243;]<\/p>\n<p><strong data-start=\"427\" data-end=\"455\">Comunica\u00e7\u00e3o Simplificada<\/strong>: permite que h\u00f3spedes realizem reuni\u00f5es e chamadas de v\u00eddeo com facilidade, sem necessidade de equipamentos pr\u00f3prios.<\/p>\n<p>[\/et_pb_blurb][et_pb_blurb use_icon=\u00bbon\u00bb font_icon=\u00bb&#x5a;||divi||400&#8243; icon_placement=\u00bbleft\u00bb content_max_width=\u00bb100%\u00bb _builder_version=\u00bb4.27.4&#8243; _module_preset=\u00bbdefault\u00bb header_font_size=\u00bb16px\u00bb body_font_size=\u00bb14px\u00bb custom_margin=\u00bb||20px||false|false\u00bb hover_enabled=\u00bb0&#8243; global_colors_info=\u00bb{}\u00bb sticky_enabled=\u00bb0&#8243;]<\/p>\n<p><strong data-start=\"498\" data-end=\"524\">Reuni\u00f5es e Colabora\u00e7\u00e3o<\/strong>: permite realizar reuni\u00f5es online entre unidades, filiais e parceiros, com \u00e1udio de alta fidelidade.<\/p>\n<p>[\/et_pb_blurb][\/et_pb_column][\/et_pb_row][\/et_pb_section][et_pb_section fb_built=\u00bb1&#8243; _builder_version=\u00bb4.27.4&#8243; _module_preset=\u00bbdefault\u00bb background_color=\u00bb#F57233&#8243; custom_padding=\u00bb0px||0px|||\u00bb global_colors_info=\u00bb{}\u00bb][et_pb_row column_structure=\u00bb2_3,1_3&#8243; make_equal=\u00bbon\u00bb _builder_version=\u00bb4.27.4&#8243; _module_preset=\u00bbdefault\u00bb background_enable_color=\u00bboff\u00bb width=\u00bb90%\u00bb border_radii=\u00bbon|10px|10px|10px|10px\u00bb global_colors_info=\u00bb{}\u00bb][et_pb_column type=\u00bb2_3&#8243; _builder_version=\u00bb4.27.4&#8243; _module_preset=\u00bbdefault\u00bb custom_padding=\u00bb|21px||21px|false|true\u00bb pac_dcm_carousel_specific_module_num=\u00bb0&#8243; global_colors_info=\u00bb{}\u00bb][et_pb_text _builder_version=\u00bb4.27.4&#8243; _module_preset=\u00bbdefault\u00bb header_3_text_color=\u00bb#FFFFFF\u00bb header_3_font_size=\u00bb25px\u00bb header_3_line_height=\u00bb1.3em\u00bb custom_margin=\u00bb||10px|||\u00bb header_3_text_align_tablet=\u00bb\u00bb header_3_text_align_phone=\u00bbcenter\u00bb header_3_text_align_last_edited=\u00bbon|phone\u00bb global_colors_info=\u00bb{}\u00bb]<\/p>\n<h3>Potencia las comunicaciones de tu empresa.<\/h3>\n<p>[\/et_pb_text][\/et_pb_column][et_pb_column type=\u00bb1_3&#8243; _builder_version=\u00bb4.27.4&#8243; _module_preset=\u00bbdefault\u00bb custom_css_main_element=\u00bbdisplay:flex;||flex-direction:column;||justify-content:center;\u00bb pac_dcm_carousel_specific_module_num=\u00bb0&#8243; global_colors_info=\u00bb{}\u00bb][et_pb_button button_url=\u00bbmailto:info@w4msolutions.com\u00bb button_text=\u00bb\u00a1Cont\u00e1ctenos!\u00bb button_alignment=\u00bbright\u00bb button_alignment_tablet=\u00bbright\u00bb button_alignment_phone=\u00bbcenter\u00bb button_alignment_last_edited=\u00bbon|phone\u00bb _builder_version=\u00bb4.27.4&#8243; _module_preset=\u00bbdefault\u00bb custom_button=\u00bbon\u00bb button_text_size=\u00bb14px\u00bb button_text_color=\u00bb#F57233&#8243; button_bg_color=\u00bb#FFFFFF\u00bb button_border_width=\u00bb0px\u00bb button_border_radius=\u00bb100px\u00bb button_letter_spacing=\u00bb1px\u00bb button_font=\u00bb|||on|||||\u00bb button_use_icon=\u00bboff\u00bb custom_padding=\u00bb10px|20px|10px|20px|true|true\u00bb global_colors_info=\u00bb{}\u00bb][\/et_pb_button][\/et_pb_column][\/et_pb_row][\/et_pb_section][et_pb_section fb_built=\u00bb1&#8243; _builder_version=\u00bb4.27.4&#8243; _module_preset=\u00bbdefault\u00bb background_color=\u00bb#313233&#8243; custom_padding=\u00bb11px||11px|||\u00bb global_module=\u00bb183&#8243; saved_tabs=\u00bball\u00bb global_colors_info=\u00bb{}\u00bb][et_pb_row _builder_version=\u00bb4.27.4&#8243; _module_preset=\u00bbdefault\u00bb width=\u00bb100%\u00bb max_width=\u00bb100%\u00bb custom_padding=\u00bb9px||5px|||\u00bb global_colors_info=\u00bb{}\u00bb][et_pb_column type=\u00bb4_4&#8243; _builder_version=\u00bb4.27.4&#8243; _module_preset=\u00bbdefault\u00bb pac_dcm_carousel_specific_module_num=\u00bb0&#8243; global_colors_info=\u00bb{}\u00bb][dica_divi_carousel show_items_desktop=\u00bb8&#8243; loop=\u00bbon\u00bb autoplay=\u00bbon\u00bb autoplay_speed=\u00bb2000&#8243; item_spacing=\u00bb2&#8243; equal_height=\u00bbon\u00bb advanced_effect=\u00bb1&#8243; overlay_color_field_bgcolor=\u00bbrgba(255,255,255,0.85)\u00bb image_sizing=\u00bb50%\u00bb _builder_version=\u00bb4.27.4&#8243; _module_preset=\u00bbdefault\u00bb custom_css_title=\u00bbdisplay:none;\u00bb global_colors_info=\u00bb{}\u00bb][dica_divi_carouselitem title=\u00bbAnantara\u00bb button_url_new_window=\u00bb1&#8243; image=\u00bbhttps:\/\/turismo.w4msolutions.com\/wp-content\/uploads\/2025\/02\/logo_anantara.png\u00bb image_alt=\u00bbHotel Anantara\u00bb _builder_version=\u00bb4.27.4&#8243; _module_preset=\u00bbdefault\u00bb global_colors_info=\u00bb{}\u00bb][\/dica_divi_carouselitem][dica_divi_carouselitem title=\u00bbQuinta da Marinha\u00bb button_url_new_window=\u00bb1&#8243; image=\u00bbhttps:\/\/turismo.w4msolutions.com\/wp-content\/uploads\/2025\/02\/logo_quintamarinha.png\u00bb image_alt=\u00bbHotel Quinta da Marinha\u00bb _builder_version=\u00bb4.27.4&#8243; _module_preset=\u00bbdefault\u00bb global_colors_info=\u00bb{}\u00bb][\/dica_divi_carouselitem][dica_divi_carouselitem title=\u00bbQuinta do Fur\u00e3o\u00bb button_url_new_window=\u00bb1&#8243; image=\u00bbhttps:\/\/turismo.w4msolutions.com\/wp-content\/uploads\/2025\/02\/logo_quintafurao.png\u00bb image_alt=\u00bbHotel Quinta do Fur\u00e3o\u00bb _builder_version=\u00bb4.27.4&#8243; _module_preset=\u00bbdefault\u00bb global_colors_info=\u00bb{}\u00bb][\/dica_divi_carouselitem][dica_divi_carouselitem title=\u00bbLisboa Camping\u00bb button_url_new_window=\u00bb1&#8243; image=\u00bbhttps:\/\/turismo.w4msolutions.com\/wp-content\/uploads\/2025\/02\/logo_lisboacamping.png\u00bb image_alt=\u00bbLisboa Camping Bungalows\u00bb _builder_version=\u00bb4.27.4&#8243; _module_preset=\u00bbdefault\u00bb global_colors_info=\u00bb{}\u00bb][\/dica_divi_carouselitem][dica_divi_carouselitem title=\u00bbInatel\u00bb button_url_new_window=\u00bb1&#8243; image=\u00bbhttps:\/\/turismo.w4msolutions.com\/wp-content\/uploads\/2025\/02\/logo_inatel.png\u00bb image_alt=\u00bbInatel\u00bb _builder_version=\u00bb4.27.4&#8243; _module_preset=\u00bbdefault\u00bb global_colors_info=\u00bb{}\u00bb][\/dica_divi_carouselitem][dica_divi_carouselitem title=\u00bbEsta\u00e7\u00e3o Menina Bonita\u00bb button_url_new_window=\u00bb1&#8243; image=\u00bbhttps:\/\/turismo.w4msolutions.com\/wp-content\/uploads\/2025\/02\/logo_estacaomeninabonita.png\u00bb image_alt=\u00bbEsta\u00e7\u00e3o Menina Bonita\u00bb _builder_version=\u00bb4.27.4&#8243; _module_preset=\u00bbdefault\u00bb global_colors_info=\u00bb{}\u00bb][\/dica_divi_carouselitem][dica_divi_carouselitem title=\u00bbEuromoniz\u00bb button_url_new_window=\u00bb1&#8243; image=\u00bbhttps:\/\/turismo.w4msolutions.com\/wp-content\/uploads\/2025\/02\/logo_euromoniz.png\u00bb image_alt=\u00bbHotel Dublin\u00bb _builder_version=\u00bb4.27.4&#8243; _module_preset=\u00bbdefault\u00bb global_colors_info=\u00bb{}\u00bb][\/dica_divi_carouselitem][dica_divi_carouselitem title=\u00bbWine  Books\u00bb button_url_new_window=\u00bb1&#8243; image=\u00bbhttps:\/\/turismo.w4msolutions.com\/wp-content\/uploads\/2025\/02\/logo_winebook.png\u00bb image_alt=\u00bbWine  Books Hotel\u00bb _builder_version=\u00bb4.27.4&#8243; _module_preset=\u00bbdefault\u00bb global_colors_info=\u00bb{}\u00bb][\/dica_divi_carouselitem][dica_divi_carouselitem title=\u00bbVidamar\u00bb button_url_new_window=\u00bb1&#8243; image=\u00bbhttps:\/\/turismo.w4msolutions.com\/wp-content\/uploads\/2025\/02\/logo_vidamar.png\u00bb image_alt=\u00bbVidamar Hotels\u00bb _builder_version=\u00bb4.27.4&#8243; _module_preset=\u00bbdefault\u00bb global_colors_info=\u00bb{}\u00bb][\/dica_divi_carouselitem][dica_divi_carouselitem title=\u00bbTrivalor\u00bb button_url_new_window=\u00bb1&#8243; image=\u00bbhttps:\/\/turismo.w4msolutions.com\/wp-content\/uploads\/2025\/02\/logo_trivalor.png\u00bb image_alt=\u00bbTrivalor\u00bb _builder_version=\u00bb4.27.4&#8243; _module_preset=\u00bbdefault\u00bb global_colors_info=\u00bb{}\u00bb][\/dica_divi_carouselitem][dica_divi_carouselitem title=\u00bbTomatino\u00bb button_url_new_window=\u00bb1&#8243; image=\u00bbhttps:\/\/turismo.w4msolutions.com\/wp-content\/uploads\/2025\/02\/logo_tomatino.png\u00bb image_alt=\u00bbTomatino\u00bb _builder_version=\u00bb4.27.4&#8243; _module_preset=\u00bbdefault\u00bb global_colors_info=\u00bb{}\u00bb][\/dica_divi_carouselitem][dica_divi_carouselitem title=\u00bbSlide  Splash\u00bb button_url_new_window=\u00bb1&#8243; image=\u00bbhttps:\/\/turismo.w4msolutions.com\/wp-content\/uploads\/2025\/02\/logo_slideSplah.png\u00bb image_alt=\u00bbTomatino\u00bb _builder_version=\u00bb4.27.4&#8243; _module_preset=\u00bbdefault\u00bb global_colors_info=\u00bb{}\u00bb][\/dica_divi_carouselitem][dica_divi_carouselitem title=\u00bbSantarem Hotel\u00bb button_url_new_window=\u00bb1&#8243; image=\u00bbhttps:\/\/turismo.w4msolutions.com\/wp-content\/uploads\/2025\/02\/logo_santaremhotel.png\u00bb image_alt=\u00bbSantarem Hotel\u00bb _builder_version=\u00bb4.27.4&#8243; _module_preset=\u00bbdefault\u00bb global_colors_info=\u00bb{}\u00bb][\/dica_divi_carouselitem][dica_divi_carouselitem title=\u00bbPenha Longa\u00bb button_url_new_window=\u00bb1&#8243; image=\u00bbhttps:\/\/turismo.w4msolutions.com\/wp-content\/uploads\/2025\/02\/logo_penhalonga.png\u00bb image_alt=\u00bbPenha Longa\u00bb _builder_version=\u00bb4.27.4&#8243; _module_preset=\u00bbdefault\u00bb global_colors_info=\u00bb{}\u00bb][\/dica_divi_carouselitem][dica_divi_carouselitem title=\u00bbOcean\u00e1rio\u00bb button_url_new_window=\u00bb1&#8243; image=\u00bbhttps:\/\/turismo.w4msolutions.com\/wp-content\/uploads\/2025\/02\/logo_oceanariolisboa.png\u00bb image_alt=\u00bbOcean\u00e1rio de Lisboa\u00bb _builder_version=\u00bb4.27.4&#8243; _module_preset=\u00bbdefault\u00bb global_colors_info=\u00bb{}\u00bb][\/dica_divi_carouselitem][dica_divi_carouselitem title=\u00bbNOS Alive\u00bb button_url_new_window=\u00bb1&#8243; image=\u00bbhttps:\/\/turismo.w4msolutions.com\/wp-content\/uploads\/2025\/02\/logo_nosalive.png\u00bb image_alt=\u00bbNOS Alive\u00bb _builder_version=\u00bb4.27.4&#8243; _module_preset=\u00bbdefault\u00bb global_colors_info=\u00bb{}\u00bb][\/dica_divi_carouselitem][dica_divi_carouselitem title=\u00bbNoori Sushi\u00bb button_url_new_window=\u00bb1&#8243; image=\u00bbhttps:\/\/turismo.w4msolutions.com\/wp-content\/uploads\/2025\/02\/logo_noorisushi.png\u00bb image_alt=\u00bbNoori Sushi\u00bb _builder_version=\u00bb4.27.4&#8243; _module_preset=\u00bbdefault\u00bb global_colors_info=\u00bb{}\u00bb][\/dica_divi_carouselitem][dica_divi_carouselitem title=\u00bbHolmes Place\u00bb button_url_new_window=\u00bb1&#8243; image=\u00bbhttps:\/\/turismo.w4msolutions.com\/wp-content\/uploads\/2025\/02\/logo_holmesplace.png\u00bb image_alt=\u00bbHolmes Place\u00bb _builder_version=\u00bb4.27.4&#8243; _module_preset=\u00bbdefault\u00bb global_colors_info=\u00bb{}\u00bb][\/dica_divi_carouselitem][dica_divi_carouselitem title=\u00bbH3&#8243; button_url_new_window=\u00bb1&#8243; image=\u00bbhttps:\/\/turismo.w4msolutions.com\/wp-content\/uploads\/2025\/02\/logo_h3.png\u00bb image_alt=\u00bbH3&#8243; _builder_version=\u00bb4.27.4&#8243; _module_preset=\u00bbdefault\u00bb global_colors_info=\u00bb{}\u00bb][\/dica_divi_carouselitem][dica_divi_carouselitem title=\u00bbGo Natural\u00bb button_url_new_window=\u00bb1&#8243; image=\u00bbhttps:\/\/turismo.w4msolutions.com\/wp-content\/uploads\/2025\/02\/logo_gonatural.png\u00bb image_alt=\u00bbGo Natural\u00bb _builder_version=\u00bb4.27.4&#8243; _module_preset=\u00bbdefault\u00bb global_colors_info=\u00bb{}\u00bb][\/dica_divi_carouselitem][dica_divi_carouselitem title=\u00bbCozinha Continente\u00bb button_url_new_window=\u00bb1&#8243; image=\u00bbhttps:\/\/turismo.w4msolutions.com\/wp-content\/uploads\/2025\/02\/logo_cozinhacontinente.png\u00bb image_alt=\u00bbCozinha Continente\u00bb _builder_version=\u00bb4.27.4&#8243; _module_preset=\u00bbdefault\u00bb global_colors_info=\u00bb{}\u00bb][\/dica_divi_carouselitem][dica_divi_carouselitem title=\u00bbCervejaria Ramiro\u00bb button_url_new_window=\u00bb1&#8243; image=\u00bbhttps:\/\/turismo.w4msolutions.com\/wp-content\/uploads\/2025\/02\/logo_cervejariaramiro.png\u00bb image_alt=\u00bbCervejaria Ramiro\u00bb _builder_version=\u00bb4.27.4&#8243; _module_preset=\u00bbdefault\u00bb global_colors_info=\u00bb{}\u00bb][\/dica_divi_carouselitem][dica_divi_carouselitem title=\u00bbCaf\u00e9 3&#8243; button_url_new_window=\u00bb1&#8243; image=\u00bbhttps:\/\/turismo.w4msolutions.com\/wp-content\/uploads\/2025\/02\/logo_cafe3.png\u00bb image_alt=\u00bbCaf\u00e93&#8243; _builder_version=\u00bb4.27.4&#8243; _module_preset=\u00bbdefault\u00bb global_colors_info=\u00bb{}\u00bb][\/dica_divi_carouselitem][dica_divi_carouselitem title=\u00bbBagga\u00bb button_url_new_window=\u00bb1&#8243; image=\u00bbhttps:\/\/turismo.w4msolutions.com\/wp-content\/uploads\/2025\/02\/logo_bagga.png\u00bb image_alt=\u00bbBagga\u00bb _builder_version=\u00bb4.27.4&#8243; _module_preset=\u00bbdefault\u00bb global_colors_info=\u00bb{}\u00bb][\/dica_divi_carouselitem][dica_divi_carouselitem title=\u00bbAut\u00f3dromo Int. Algarve\u00bb button_url_new_window=\u00bb1&#8243; image=\u00bbhttps:\/\/turismo.w4msolutions.com\/wp-content\/uploads\/2025\/02\/logo_autodromoalgarve.png\u00bb image_alt=\u00bbAut\u00f3dromo Internacional Algarve\u00bb _builder_version=\u00bb4.27.4&#8243; _module_preset=\u00bbdefault\u00bb global_colors_info=\u00bb{}\u00bb][\/dica_divi_carouselitem][dica_divi_carouselitem title=\u00bbRock in Rio\u00bb button_url_new_window=\u00bb1&#8243; image=\u00bbhttps:\/\/turismo.w4msolutions.com\/wp-content\/uploads\/2025\/02\/logo_rockinrio.png\u00bb image_alt=\u00bbRock in Rio\u00bb _builder_version=\u00bb4.27.4&#8243; _module_preset=\u00bbdefault\u00bb global_colors_info=\u00bb{}\u00bb][\/dica_divi_carouselitem][\/dica_divi_carousel][\/et_pb_column][\/et_pb_row][\/et_pb_section]<\/p>\n","protected":false},"excerpt":{"rendered":"<p>COMUNICACIONESCentral Telef\u00f3nicaCentrais telef\u00f3nicas para hot\u00e9isAs nossas solu\u00e7\u00f5es incluem sistemas de telefonia IP-PBX, terminais fixos e m\u00f3veis, gateways de voz e integra\u00e7\u00e3o com sistemas de gest\u00e3o hoteleira (PMS):Integra\u00e7\u00e3o com PMS: automatiza check-in\/check-out e permite a fatura\u00e7\u00e3o direta.DND (N\u00e3o Perturbar): bloqueia chamadas externas para quartos espec\u00edficos.Chamadas de Despertar: programa\u00e7\u00e3o de wake-up calls para h\u00f3spedes.Terminais IP: telefones fixos [&hellip;]<\/p>\n","protected":false},"author":1,"featured_media":6102,"parent":0,"menu_order":0,"comment_status":"closed","ping_status":"closed","template":"","meta":{"_et_pb_use_builder":"on","_et_pb_old_content":"","_et_gb_content_width":"","footnotes":""},"class_list":["post-2775","page","type-page","status-publish","has-post-thumbnail","hentry"],"_links":{"self":[{"href":"https:\/\/turismo.w4msolutions.com\/es\/wp-json\/wp\/v2\/pages\/2775","targetHints":{"allow":["GET"]}}],"collection":[{"href":"https:\/\/turismo.w4msolutions.com\/es\/wp-json\/wp\/v2\/pages"}],"about":[{"href":"https:\/\/turismo.w4msolutions.com\/es\/wp-json\/wp\/v2\/types\/page"}],"author":[{"embeddable":true,"href":"https:\/\/turismo.w4msolutions.com\/es\/wp-json\/wp\/v2\/users\/1"}],"replies":[{"embeddable":true,"href":"https:\/\/turismo.w4msolutions.com\/es\/wp-json\/wp\/v2\/comments?post=2775"}],"version-history":[{"count":14,"href":"https:\/\/turismo.w4msolutions.com\/es\/wp-json\/wp\/v2\/pages\/2775\/revisions"}],"predecessor-version":[{"id":6058,"href":"https:\/\/turismo.w4msolutions.com\/es\/wp-json\/wp\/v2\/pages\/2775\/revisions\/6058"}],"wp:featuredmedia":[{"embeddable":true,"href":"https:\/\/turismo.w4msolutions.com\/es\/wp-json\/wp\/v2\/media\/6102"}],"wp:attachment":[{"href":"https:\/\/turismo.w4msolutions.com\/es\/wp-json\/wp\/v2\/media?parent=2775"}],"curies":[{"name":"wp","href":"https:\/\/api.w.org\/{rel}","templated":true}]}}