{"id":2754,"date":"2025-02-12T14:43:13","date_gmt":"2025-02-12T14:43:13","guid":{"rendered":"https:\/\/turismo.w4msolutions.com\/?page_id=2754"},"modified":"2026-03-13T18:43:45","modified_gmt":"2026-03-13T18:43:45","slug":"terminos-y-condiciones","status":"publish","type":"page","link":"https:\/\/turismo.w4msolutions.com\/es\/terminos-y-condiciones\/","title":{"rendered":"T\u00e9rminos y condiciones"},"content":{"rendered":"<p>[et_pb_section fb_built=\u00bb1&#8243; _builder_version=\u00bb4.27.4&#8243; _module_preset=\u00bbdefault\u00bb background_color=\u00bb#F57233&#8243; use_background_color_gradient=\u00bbon\u00bb background_color_gradient_stops=\u00bbrgba(0,0,0,0.2) 0%|rgba(0,0,0,0.3) 100%\u00bb background_color_gradient_overlays_image=\u00bbon\u00bb background_image=\u00bbhttps:\/\/turismo.w4msolutions.com\/wp-content\/uploads\/2025\/02\/imagem_w4m_topo.jpg\u00bb custom_margin=\u00bb-150px||||false|false\u00bb custom_padding=\u00bb270px||29px||false|false\u00bb hover_enabled=\u00bb0&#8243; global_colors_info=\u00bb{}\u00bb sticky_enabled=\u00bb0&#8243;][\/et_pb_section][et_pb_section fb_built=\u00bb1&#8243; _builder_version=\u00bb4.27.4&#8243; _module_preset=\u00bbdefault\u00bb global_colors_info=\u00bb{}\u00bb][et_pb_row make_equal=\u00bbon\u00bb _builder_version=\u00bb4.27.4&#8243; _module_preset=\u00bbdefault\u00bb width=\u00bb90%\u00bb global_colors_info=\u00bb{}\u00bb][et_pb_column type=\u00bb4_4&#8243; _builder_version=\u00bb4.27.4&#8243; _module_preset=\u00bbdefault\u00bb custom_css_main_element=\u00bbdisplay:flex;||flex-direction:column;||justify-content:center;\u00bb pac_dcm_carousel_specific_module_num=\u00bb0&#8243; global_colors_info=\u00bb{}\u00bb][et_pb_text _builder_version=\u00bb4.27.4&#8243; _module_preset=\u00bbdefault\u00bb text_font=\u00bb&#8211;et_global_body_font|600||on|||||\u00bb text_text_color=\u00bb#F57233&#8243; custom_margin=\u00bb||18px|||\u00bb global_colors_info=\u00bb{}\u00bb]<\/p>\n<p>W4M Digital Solutions<\/p>\n<p>[\/et_pb_text][et_pb_text _builder_version=\u00bb4.27.4&#8243; _module_preset=\u00bbdefault\u00bb header_line_height=\u00bb1.5em\u00bb header_2_font_size=\u00bb35px\u00bb header_2_line_height=\u00bb1.3em\u00bb header_3_font_size=\u00bb25px\u00bb header_3_line_height=\u00bb1.3em\u00bb custom_margin=\u00bb||15px|||\u00bb global_colors_info=\u00bb{}\u00bb]<\/p>\n<h2>Termos e Condi\u00e7\u00f5es<\/h2>\n<p>[\/et_pb_text][et_pb_text _builder_version=\u00bb4.27.4&#8243; _module_preset=\u00bbdefault\u00bb text_font_size=\u00bb14px\u00bb global_colors_info=\u00bb{}\u00bb]<\/p>\n<p>O presente documento estabelece as regras que regulam o acesso e utiliza\u00e7\u00e3o pelo utilizador do presente website.<\/p>\n<p>O Utilizador reconhece que ao aceder, consultar e utilizar o website est\u00e1 a aceitar estes Termos de Utiliza\u00e7\u00e3o.<\/p>\n<p>&nbsp;<\/p>\n<h3>Propriedade<\/h3>\n<p>Este website \u00e9 propriedade da W4M \u2013 Digital Solutions, Limitada. Empresa portuguesa registada sobre o n\u00famero de pessoa coletiva nr. <span>509854419.<\/span><\/p>\n<p>&nbsp;<\/p>\n<h3>Copyright e outros direitos de propriedade<\/h3>\n<p>O conte\u00fado deste website, incluindo marcas, desenhos, logotipos, texto, imagens, materiais \u00e1udio e de v\u00eddeo, \u00e9 propriedade da W4M \u2013 Digital Solutions, Limitada., a menos que indicado de outro modo atrav\u00e9s de uma refer\u00eancia \u00e0 sua fonte. E como tal, o conte\u00fado est\u00e1 protegido nos termos gerais de direito e pela legisla\u00e7\u00e3o nacional e internacional de prote\u00e7\u00e3o da Propriedade Intelectual. N\u00e3o \u00e9 permitido exibir, reproduzir, distribuir, modificar, transmitir ou usar os conte\u00fados de forma alguma, para nenhum prop\u00f3sito p\u00fablico ou comercial sem o pr\u00e9vio e expresso consentimento por escrito da W4M \u2013 Digital Solutions, Limitada.<\/p>\n<p>&nbsp;<\/p>\n<h3>Conte\u00fados e garantias<\/h3>\n<p>A informa\u00e7\u00e3o presente neste website foi inclu\u00edda de boa-f\u00e9 e serve exclusivamente para informa\u00e7\u00e3o geral, sendo a sua utiliza\u00e7\u00e3o de risco exclusivo do utilizador.<br \/>Este website e seus conte\u00fados s\u00e3o fornecidos sem garantias de tipo algum, sejam garantias impl\u00edcitas de comercializa\u00e7\u00e3o, n\u00e3o-infra\u00e7\u00e3o de direitos de terceiros e adequa\u00e7\u00e3o a um prop\u00f3sito particular. Do mesmo modo, n\u00e3o \u00e9 dada qualquer garantia de que o acesso a estes sites seja ininterrupto ou isento de erros, isento de v\u00edrus ou de outro material prejudicial, ou de que as informa\u00e7\u00f5es neste website contidas sejam completas, precisas ou oportunas.<\/p>\n<p>A\u00a0W4M Digital Solutions reserva-se ao direito de realizar altera\u00e7\u00f5es e corre\u00e7\u00f5es, suspender ou encerrar o website quando considerar apropriado e sem necessidade de pr\u00e9-aviso a qualquer membro ou entidade.<\/p>\n<p>A\u00a0W4M Digital Solutions n\u00e3o filtra ou monitoriza previamente o conte\u00fado transmitido a este website por terceiros e n\u00e3o \u00e9 respons\u00e1vel pela filtragem ou monitoriza\u00e7\u00e3o de nenhum conte\u00fado deste tipo. Caso notificada, a\u00a0W4M Digital Solutions pode investigar uma alega\u00e7\u00e3o de que o conte\u00fado transmitido a este website est\u00e1 a violar os Termos e Condi\u00e7\u00f5es e podem determinar se far\u00e1 com que a informa\u00e7\u00e3o seja removida destes sites.<\/p>\n<p>A\u00a0W4M Digital Solutions n\u00e3o assume responsabilidade ou obriga\u00e7\u00e3o por qualquer a\u00e7\u00e3o ou conte\u00fado transmitidos por ou entre o utilizador ou quaisquer terceiros dentro ou fora deste website.<\/p>\n<p>N\u00e3o obstante, o utilizador concorda em n\u00e3o transmitir a este website nenhum conte\u00fado il\u00edcito, amea\u00e7ador, acusat\u00f3rio, difamat\u00f3rio, obsceno, escandaloso, pornogr\u00e1fico ou profano, ou qualquer outro conte\u00fado que possa constituir ou encorajar conduta que viole alguma lei. A\u00a0W4M Digital Solutions cooperar\u00e1 plenamente com quaisquer autoridades competentes para a aplica\u00e7\u00e3o da lei ou despacho de tribunal solicitando ou ordenando \u00e0\u00a0W4M Digital Solutions que revele a identidade ou ajude a identificar ou localizar qualquer pessoa que transmita tal conte\u00fado.<\/p>\n<p>&nbsp;<\/p>\n<h3>Responsabilidade, uso e risco<\/h3>\n<p>A\u00a0W4M Digital Solutions, bem como qualquer outra parte envolvida na cria\u00e7\u00e3o, produ\u00e7\u00e3o, manuten\u00e7\u00e3o ou implementa\u00e7\u00e3o deste website, n\u00e3o ser\u00e3o respons\u00e1veis perante qualquer utilizador do website, por qualquer poss\u00edvel dano, preju\u00edzo ou les\u00e3o que advenham da utiliza\u00e7\u00e3o correta ou incorreta destes sites e seu conte\u00fado, do acesso ao computador ou sistema inform\u00e1tico do utilizador por terceiros, v\u00edrus, etc.<\/p>\n<p>Este website pode conter links para websites de terceiros. Estes links s\u00e3o fornecidos unicamente para a conveni\u00eancia e acessibilidade do utilizador. A\u00a0W4M Digital Solutions n\u00e3o endossa o conte\u00fado de qualquer desses sites de terceiros e n\u00e3o s\u00e3o respons\u00e1veis pelo conte\u00fado de qualquer desses websites. O acesso e visita a qualquer desses websites de terceiros s\u00e3o conduzidos por inteiro risco do utilizador.<\/p>\n<p>Est\u00e1 expressamente proibida a utiliza\u00e7\u00e3o do website para fins ilegais ou quaisquer outros fins que possam ser considerados indignos da imagem da W4M Digital Solutions.<\/p>\n<p>\u00c9 tamb\u00e9m proibido ao utilizador criar ou introduzir nestes sites quaisquer tipos de v\u00edrus ou programas que o danifiquem ou contaminem ou aconselhar terceiros a faz\u00ea-lo. Os infratores ser\u00e3o alvo de processo criminal.<\/p>\n<p>&nbsp;<\/p>\n<h3>Livro de reclama\u00e7\u00f5es eletr\u00f3nico<\/h3>\n<p>Clientes ou utentes que pretendam manifestar insatisfa\u00e7\u00e3o em rela\u00e7\u00e3o \u00e0 presta\u00e7\u00e3o de servi\u00e7os, comercializa\u00e7\u00e3o de produtos ou qualidade de atendimento, podem apresentar formalmente reclama\u00e7\u00e3o, a qual \u00e9 objeto de an\u00e1lise e tratamento pela W4M \u2013 Digital Solutions, Limitada. O reclamante deve indicar elementos de identifica\u00e7\u00e3o que viabilizem a an\u00e1lise e descrever de forma clara e completa os factos que motivam a reclama\u00e7\u00e3o. A reclama\u00e7\u00e3o pode ser apresentada de tr\u00eas formas poss\u00edveis:<\/p>\n<p>\u2013 No Livro de Reclama\u00e7\u00f5es Eletr\u00f3nico dispon\u00edvel em https:\/\/www.livroreclamacoes.pt<\/p>\n<p>\u2013 No Livro de Reclama\u00e7\u00f5es f\u00edsico em papel, dispon\u00edvel na sede.<\/p>\n<p>\u2013 Por correio eletr\u00f3nio dirigido a info@w4msolutions.com<\/p>\n<p>A W4M \u2013 Digital Solutions, Limitada comunicar\u00e1 formalmente a decis\u00e3o, quer assista raz\u00e3o ao reclamante, quer nos restantes casos. S\u00e3o desenvolvidas todas as dilig\u00eancias para conclus\u00e3o c\u00e9lere dos processos de reclama\u00e7\u00e3o. Nos casos de elevado grau de complexidade, mant\u00e9m-se o reclamante informado, atrav\u00e9s dos meios considerados mais adequados.<\/p>\n<p>[\/et_pb_text][\/et_pb_column][\/et_pb_row][\/et_pb_section][et_pb_section fb_built=\u00bb1&#8243; _builder_version=\u00bb4.27.4&#8243; _module_preset=\u00bbdefault\u00bb background_color=\u00bb#313233&#8243; custom_padding=\u00bb11px||11px|||\u00bb global_module=\u00bb183&#8243; saved_tabs=\u00bball\u00bb global_colors_info=\u00bb{}\u00bb][et_pb_row _builder_version=\u00bb4.27.4&#8243; _module_preset=\u00bbdefault\u00bb width=\u00bb100%\u00bb max_width=\u00bb100%\u00bb custom_padding=\u00bb9px||5px|||\u00bb global_colors_info=\u00bb{}\u00bb][et_pb_column type=\u00bb4_4&#8243; _builder_version=\u00bb4.27.4&#8243; _module_preset=\u00bbdefault\u00bb pac_dcm_carousel_specific_module_num=\u00bb0&#8243; global_colors_info=\u00bb{}\u00bb][dica_divi_carousel show_items_desktop=\u00bb8&#8243; loop=\u00bbon\u00bb autoplay=\u00bbon\u00bb autoplay_speed=\u00bb2000&#8243; item_spacing=\u00bb2&#8243; equal_height=\u00bbon\u00bb advanced_effect=\u00bb1&#8243; overlay_color_field_bgcolor=\u00bbrgba(255,255,255,0.85)\u00bb image_sizing=\u00bb50%\u00bb _builder_version=\u00bb4.27.4&#8243; _module_preset=\u00bbdefault\u00bb custom_css_title=\u00bbdisplay:none;\u00bb global_colors_info=\u00bb{}\u00bb][dica_divi_carouselitem title=\u00bbAnantara\u00bb button_url_new_window=\u00bb1&#8243; image=\u00bbhttps:\/\/turismo.w4msolutions.com\/wp-content\/uploads\/2025\/02\/logo_anantara.png\u00bb image_alt=\u00bbHotel Anantara\u00bb _builder_version=\u00bb4.27.4&#8243; _module_preset=\u00bbdefault\u00bb global_colors_info=\u00bb{}\u00bb][\/dica_divi_carouselitem][dica_divi_carouselitem title=\u00bbQuinta da Marinha\u00bb button_url_new_window=\u00bb1&#8243; image=\u00bbhttps:\/\/turismo.w4msolutions.com\/wp-content\/uploads\/2025\/02\/logo_quintamarinha.png\u00bb image_alt=\u00bbHotel Quinta da Marinha\u00bb _builder_version=\u00bb4.27.4&#8243; _module_preset=\u00bbdefault\u00bb global_colors_info=\u00bb{}\u00bb][\/dica_divi_carouselitem][dica_divi_carouselitem title=\u00bbQuinta do Fur\u00e3o\u00bb button_url_new_window=\u00bb1&#8243; image=\u00bbhttps:\/\/turismo.w4msolutions.com\/wp-content\/uploads\/2025\/02\/logo_quintafurao.png\u00bb image_alt=\u00bbHotel Quinta do Fur\u00e3o\u00bb _builder_version=\u00bb4.27.4&#8243; _module_preset=\u00bbdefault\u00bb global_colors_info=\u00bb{}\u00bb][\/dica_divi_carouselitem][dica_divi_carouselitem title=\u00bbLisboa Camping\u00bb button_url_new_window=\u00bb1&#8243; image=\u00bbhttps:\/\/turismo.w4msolutions.com\/wp-content\/uploads\/2025\/02\/logo_lisboacamping.png\u00bb image_alt=\u00bbLisboa Camping Bungalows\u00bb _builder_version=\u00bb4.27.4&#8243; _module_preset=\u00bbdefault\u00bb global_colors_info=\u00bb{}\u00bb][\/dica_divi_carouselitem][dica_divi_carouselitem title=\u00bbInatel\u00bb button_url_new_window=\u00bb1&#8243; image=\u00bbhttps:\/\/turismo.w4msolutions.com\/wp-content\/uploads\/2025\/02\/logo_inatel.png\u00bb image_alt=\u00bbInatel\u00bb _builder_version=\u00bb4.27.4&#8243; _module_preset=\u00bbdefault\u00bb global_colors_info=\u00bb{}\u00bb][\/dica_divi_carouselitem][dica_divi_carouselitem title=\u00bbEsta\u00e7\u00e3o Menina Bonita\u00bb button_url_new_window=\u00bb1&#8243; image=\u00bbhttps:\/\/turismo.w4msolutions.com\/wp-content\/uploads\/2025\/02\/logo_estacaomeninabonita.png\u00bb image_alt=\u00bbEsta\u00e7\u00e3o Menina Bonita\u00bb _builder_version=\u00bb4.27.4&#8243; _module_preset=\u00bbdefault\u00bb global_colors_info=\u00bb{}\u00bb][\/dica_divi_carouselitem][dica_divi_carouselitem title=\u00bbEuromoniz\u00bb button_url_new_window=\u00bb1&#8243; image=\u00bbhttps:\/\/turismo.w4msolutions.com\/wp-content\/uploads\/2025\/02\/logo_euromoniz.png\u00bb image_alt=\u00bbHotel Dublin\u00bb _builder_version=\u00bb4.27.4&#8243; _module_preset=\u00bbdefault\u00bb global_colors_info=\u00bb{}\u00bb][\/dica_divi_carouselitem][dica_divi_carouselitem title=\u00bbWine &amp; Books\u00bb button_url_new_window=\u00bb1&#8243; image=\u00bbhttps:\/\/turismo.w4msolutions.com\/wp-content\/uploads\/2025\/02\/logo_winebook.png\u00bb image_alt=\u00bbWine &amp; Books Hotel\u00bb _builder_version=\u00bb4.27.4&#8243; _module_preset=\u00bbdefault\u00bb global_colors_info=\u00bb{}\u00bb][\/dica_divi_carouselitem][dica_divi_carouselitem title=\u00bbVidamar\u00bb button_url_new_window=\u00bb1&#8243; image=\u00bbhttps:\/\/turismo.w4msolutions.com\/wp-content\/uploads\/2025\/02\/logo_vidamar.png\u00bb image_alt=\u00bbVidamar Hotels\u00bb _builder_version=\u00bb4.27.4&#8243; _module_preset=\u00bbdefault\u00bb global_colors_info=\u00bb{}\u00bb][\/dica_divi_carouselitem][dica_divi_carouselitem title=\u00bbTrivalor\u00bb button_url_new_window=\u00bb1&#8243; image=\u00bbhttps:\/\/turismo.w4msolutions.com\/wp-content\/uploads\/2025\/02\/logo_trivalor.png\u00bb image_alt=\u00bbTrivalor\u00bb _builder_version=\u00bb4.27.4&#8243; _module_preset=\u00bbdefault\u00bb global_colors_info=\u00bb{}\u00bb][\/dica_divi_carouselitem][dica_divi_carouselitem title=\u00bbTomatino\u00bb button_url_new_window=\u00bb1&#8243; image=\u00bbhttps:\/\/turismo.w4msolutions.com\/wp-content\/uploads\/2025\/02\/logo_tomatino.png\u00bb image_alt=\u00bbTomatino\u00bb _builder_version=\u00bb4.27.4&#8243; _module_preset=\u00bbdefault\u00bb global_colors_info=\u00bb{}\u00bb][\/dica_divi_carouselitem][dica_divi_carouselitem title=\u00bbSlide &amp; Splash\u00bb button_url_new_window=\u00bb1&#8243; image=\u00bbhttps:\/\/turismo.w4msolutions.com\/wp-content\/uploads\/2025\/02\/logo_slideSplah.png\u00bb image_alt=\u00bbTomatino\u00bb _builder_version=\u00bb4.27.4&#8243; _module_preset=\u00bbdefault\u00bb global_colors_info=\u00bb{}\u00bb][\/dica_divi_carouselitem][dica_divi_carouselitem title=\u00bbSantarem Hotel\u00bb button_url_new_window=\u00bb1&#8243; image=\u00bbhttps:\/\/turismo.w4msolutions.com\/wp-content\/uploads\/2025\/02\/logo_santaremhotel.png\u00bb image_alt=\u00bbSantarem Hotel\u00bb _builder_version=\u00bb4.27.4&#8243; _module_preset=\u00bbdefault\u00bb global_colors_info=\u00bb{}\u00bb][\/dica_divi_carouselitem][dica_divi_carouselitem title=\u00bbPenha Longa\u00bb button_url_new_window=\u00bb1&#8243; image=\u00bbhttps:\/\/turismo.w4msolutions.com\/wp-content\/uploads\/2025\/02\/logo_penhalonga.png\u00bb image_alt=\u00bbPenha Longa\u00bb _builder_version=\u00bb4.27.4&#8243; _module_preset=\u00bbdefault\u00bb global_colors_info=\u00bb{}\u00bb][\/dica_divi_carouselitem][dica_divi_carouselitem title=\u00bbOcean\u00e1rio\u00bb button_url_new_window=\u00bb1&#8243; image=\u00bbhttps:\/\/turismo.w4msolutions.com\/wp-content\/uploads\/2025\/02\/logo_oceanariolisboa.png\u00bb image_alt=\u00bbOcean\u00e1rio de Lisboa\u00bb _builder_version=\u00bb4.27.4&#8243; _module_preset=\u00bbdefault\u00bb global_colors_info=\u00bb{}\u00bb][\/dica_divi_carouselitem][dica_divi_carouselitem title=\u00bbNOS Alive\u00bb button_url_new_window=\u00bb1&#8243; image=\u00bbhttps:\/\/turismo.w4msolutions.com\/wp-content\/uploads\/2025\/02\/logo_nosalive.png\u00bb image_alt=\u00bbNOS Alive\u00bb _builder_version=\u00bb4.27.4&#8243; _module_preset=\u00bbdefault\u00bb global_colors_info=\u00bb{}\u00bb][\/dica_divi_carouselitem][dica_divi_carouselitem title=\u00bbNoori Sushi\u00bb button_url_new_window=\u00bb1&#8243; image=\u00bbhttps:\/\/turismo.w4msolutions.com\/wp-content\/uploads\/2025\/02\/logo_noorisushi.png\u00bb image_alt=\u00bbNoori Sushi\u00bb _builder_version=\u00bb4.27.4&#8243; _module_preset=\u00bbdefault\u00bb global_colors_info=\u00bb{}\u00bb][\/dica_divi_carouselitem][dica_divi_carouselitem title=\u00bbHolmes Place\u00bb button_url_new_window=\u00bb1&#8243; image=\u00bbhttps:\/\/turismo.w4msolutions.com\/wp-content\/uploads\/2025\/02\/logo_holmesplace.png\u00bb image_alt=\u00bbHolmes Place\u00bb _builder_version=\u00bb4.27.4&#8243; _module_preset=\u00bbdefault\u00bb global_colors_info=\u00bb{}\u00bb][\/dica_divi_carouselitem][dica_divi_carouselitem title=\u00bbH3&#8243; button_url_new_window=\u00bb1&#8243; image=\u00bbhttps:\/\/turismo.w4msolutions.com\/wp-content\/uploads\/2025\/02\/logo_h3.png\u00bb image_alt=\u00bbH3&#8243; _builder_version=\u00bb4.27.4&#8243; _module_preset=\u00bbdefault\u00bb global_colors_info=\u00bb{}\u00bb][\/dica_divi_carouselitem][dica_divi_carouselitem title=\u00bbGo Natural\u00bb button_url_new_window=\u00bb1&#8243; image=\u00bbhttps:\/\/turismo.w4msolutions.com\/wp-content\/uploads\/2025\/02\/logo_gonatural.png\u00bb image_alt=\u00bbGo Natural\u00bb _builder_version=\u00bb4.27.4&#8243; _module_preset=\u00bbdefault\u00bb global_colors_info=\u00bb{}\u00bb][\/dica_divi_carouselitem][dica_divi_carouselitem title=\u00bbCozinha Continente\u00bb button_url_new_window=\u00bb1&#8243; image=\u00bbhttps:\/\/turismo.w4msolutions.com\/wp-content\/uploads\/2025\/02\/logo_cozinhacontinente.png\u00bb image_alt=\u00bbCozinha Continente\u00bb _builder_version=\u00bb4.27.4&#8243; _module_preset=\u00bbdefault\u00bb global_colors_info=\u00bb{}\u00bb][\/dica_divi_carouselitem][dica_divi_carouselitem title=\u00bbCervejaria Ramiro\u00bb button_url_new_window=\u00bb1&#8243; image=\u00bbhttps:\/\/turismo.w4msolutions.com\/wp-content\/uploads\/2025\/02\/logo_cervejariaramiro.png\u00bb image_alt=\u00bbCervejaria Ramiro\u00bb _builder_version=\u00bb4.27.4&#8243; _module_preset=\u00bbdefault\u00bb global_colors_info=\u00bb{}\u00bb][\/dica_divi_carouselitem][dica_divi_carouselitem title=\u00bbCaf\u00e9 3&#8243; button_url_new_window=\u00bb1&#8243; image=\u00bbhttps:\/\/turismo.w4msolutions.com\/wp-content\/uploads\/2025\/02\/logo_cafe3.png\u00bb image_alt=\u00bbCaf\u00e93&#8243; _builder_version=\u00bb4.27.4&#8243; _module_preset=\u00bbdefault\u00bb global_colors_info=\u00bb{}\u00bb][\/dica_divi_carouselitem][dica_divi_carouselitem title=\u00bbBagga\u00bb button_url_new_window=\u00bb1&#8243; image=\u00bbhttps:\/\/turismo.w4msolutions.com\/wp-content\/uploads\/2025\/02\/logo_bagga.png\u00bb image_alt=\u00bbBagga\u00bb _builder_version=\u00bb4.27.4&#8243; _module_preset=\u00bbdefault\u00bb global_colors_info=\u00bb{}\u00bb][\/dica_divi_carouselitem][dica_divi_carouselitem title=\u00bbAut\u00f3dromo Int. Algarve\u00bb button_url_new_window=\u00bb1&#8243; image=\u00bbhttps:\/\/turismo.w4msolutions.com\/wp-content\/uploads\/2025\/02\/logo_autodromoalgarve.png\u00bb image_alt=\u00bbAut\u00f3dromo Internacional Algarve\u00bb _builder_version=\u00bb4.27.4&#8243; _module_preset=\u00bbdefault\u00bb global_colors_info=\u00bb{}\u00bb][\/dica_divi_carouselitem][dica_divi_carouselitem title=\u00bbRock in Rio\u00bb button_url_new_window=\u00bb1&#8243; image=\u00bbhttps:\/\/turismo.w4msolutions.com\/wp-content\/uploads\/2025\/02\/logo_rockinrio.png\u00bb image_alt=\u00bbRock in Rio\u00bb _builder_version=\u00bb4.27.4&#8243; _module_preset=\u00bbdefault\u00bb global_colors_info=\u00bb{}\u00bb][\/dica_divi_carouselitem][\/dica_divi_carousel][\/et_pb_column][\/et_pb_row][\/et_pb_section]<\/p>\n","protected":false},"excerpt":{"rendered":"<p>W4M Digital SolutionsTermos e Condi\u00e7\u00f5esO presente documento estabelece as regras que regulam o acesso e utiliza\u00e7\u00e3o pelo utilizador do presente website. O Utilizador reconhece que ao aceder, consultar e utilizar o website est\u00e1 a aceitar estes Termos de Utiliza\u00e7\u00e3o. &nbsp; Propriedade Este website \u00e9 propriedade da W4M \u2013 Digital Solutions, Limitada. Empresa portuguesa registada sobre [&hellip;]<\/p>\n","protected":false},"author":1,"featured_media":0,"parent":0,"menu_order":0,"comment_status":"closed","ping_status":"closed","template":"","meta":{"_et_pb_use_builder":"on","_et_pb_old_content":"","_et_gb_content_width":"","footnotes":""},"class_list":["post-2754","page","type-page","status-publish","hentry"],"_links":{"self":[{"href":"https:\/\/turismo.w4msolutions.com\/es\/wp-json\/wp\/v2\/pages\/2754","targetHints":{"allow":["GET"]}}],"collection":[{"href":"https:\/\/turismo.w4msolutions.com\/es\/wp-json\/wp\/v2\/pages"}],"about":[{"href":"https:\/\/turismo.w4msolutions.com\/es\/wp-json\/wp\/v2\/types\/page"}],"author":[{"embeddable":true,"href":"https:\/\/turismo.w4msolutions.com\/es\/wp-json\/wp\/v2\/users\/1"}],"replies":[{"embeddable":true,"href":"https:\/\/turismo.w4msolutions.com\/es\/wp-json\/wp\/v2\/comments?post=2754"}],"version-history":[{"count":7,"href":"https:\/\/turismo.w4msolutions.com\/es\/wp-json\/wp\/v2\/pages\/2754\/revisions"}],"predecessor-version":[{"id":5843,"href":"https:\/\/turismo.w4msolutions.com\/es\/wp-json\/wp\/v2\/pages\/2754\/revisions\/5843"}],"wp:attachment":[{"href":"https:\/\/turismo.w4msolutions.com\/es\/wp-json\/wp\/v2\/media?parent=2754"}],"curies":[{"name":"wp","href":"https:\/\/api.w.org\/{rel}","templated":true}]}}