{"id":2705,"date":"2025-01-21T17:25:40","date_gmt":"2025-01-21T17:25:40","guid":{"rendered":"https:\/\/turismo.w4msolutions.com\/?page_id=2705"},"modified":"2026-03-09T08:02:42","modified_gmt":"2026-03-09T08:02:42","slug":"politica-de-privacid","status":"publish","type":"page","link":"https:\/\/turismo.w4msolutions.com\/es\/politica-de-privacid\/","title":{"rendered":"Pol\u00edtica de Privacid"},"content":{"rendered":"<p>[et_pb_section fb_built=\u00bb1&#8243; theme_builder_area=\u00bbpost_content\u00bb _builder_version=\u00bb4.27.4&#8243; _module_preset=\u00bbdefault\u00bb title_text=\u00bbimagem_w4m_topo\u00bb background_image=\u00bbhttps:\/\/turismo.w4msolutions.com\/wp-content\/uploads\/2025\/02\/imagem_w4m_topo.jpg\u00bb hover_enabled=\u00bb0&#8243; sticky_enabled=\u00bb0&#8243; custom_padding=\u00bb270px||29px||false|false\u00bb custom_margin=\u00bb-150px||||false|false\u00bb][\/et_pb_section][et_pb_section fb_built=\u00bb1&#8243; theme_builder_area=\u00bbpost_content\u00bb _builder_version=\u00bb4.27.4&#8243; _module_preset=\u00bbdefault\u00bb][et_pb_row make_equal=\u00bbon\u00bb _builder_version=\u00bb4.27.4&#8243; _module_preset=\u00bbdefault\u00bb width=\u00bb90%\u00bb global_colors_info=\u00bb{}\u00bb locked=\u00bboff\u00bb theme_builder_area=\u00bbpost_content\u00bb][et_pb_column type=\u00bb4_4&#8243; _builder_version=\u00bb4.27.4&#8243; _module_preset=\u00bbdefault\u00bb custom_css_main_element=\u00bbdisplay:flex;||flex-direction:column;||justify-content:center;\u00bb pac_dcm_carousel_specific_module_num=\u00bb0&#8243; global_colors_info=\u00bb{}\u00bb theme_builder_area=\u00bbpost_content\u00bb][et_pb_text _builder_version=\u00bb4.27.4&#8243; _module_preset=\u00bbdefault\u00bb text_font=\u00bb&#8211;et_global_body_font|600||on|||||\u00bb text_text_color=\u00bb#F57233&#8243; custom_margin=\u00bb||18px|||\u00bb global_colors_info=\u00bb{}\u00bb theme_builder_area=\u00bbpost_content\u00bb]<\/p>\n<p>W4M Digital Solutions<\/p>\n<p>[\/et_pb_text][et_pb_text _builder_version=\u00bb4.27.4&#8243; _module_preset=\u00bbdefault\u00bb header_line_height=\u00bb1.5em\u00bb header_2_font_size=\u00bb35px\u00bb header_2_line_height=\u00bb1.3em\u00bb header_3_font_size=\u00bb25px\u00bb header_3_line_height=\u00bb1.3em\u00bb custom_margin=\u00bb||15px|||\u00bb hover_enabled=\u00bb0&#8243; global_colors_info=\u00bb{}\u00bb theme_builder_area=\u00bbpost_content\u00bb sticky_enabled=\u00bb0&#8243;]<\/p>\n<h2>Pol\u00edtica de Privacidad<\/h2>\n<p>[\/et_pb_text][et_pb_text _builder_version=\u00bb4.27.4&#8243; _module_preset=\u00bbdefault\u00bb text_font_size=\u00bb14px\u00bb hover_enabled=\u00bb0&#8243; global_colors_info=\u00bb{}\u00bb theme_builder_area=\u00bbpost_content\u00bb sticky_enabled=\u00bb0&#8243;]<\/p>\n<p>El Reglamento (UE) 2016\/679 del Parlamento Europeo y del Consejo es el Reglamento General de Protecci\u00f3n de Datos (RGPD), vigente desde el 25 de mayo de 2018 en la Uni\u00f3n Europea. El RGPD establece las normas que rigen el tratamiento de datos personales de personas f\u00edsicas en la UE por parte de particulares, empresas u organizaciones.<\/p>\n<p>La confidencialidad e integridad de sus datos personales es una de nuestras principales preocupaciones.<\/p>\n<h3>\u00a0<\/h3>\n<h3>\u00bfQui\u00e9n es responsable del tratamiento de sus datos personales?<\/h3>\n<p>W4M &#8211; Digital Solutions, Limitada., con domicilio social en Avenida 5 de Outubro, n.\u00ba 82 &#8211; 1.\u00aa planta, 8000-076 Faro, n\u00famero de registro mercantil 509854419 (\u00abW4M Digital Solutions\u00bb), es responsable del tratamiento de los datos personales que recopila a trav\u00e9s de este sitio web (\u00abSitio web\u00bb).<\/p>\n<p>&nbsp;<\/p>\n<h3>\u00bfC\u00f3mo recopilamos sus datos personales?<\/h3>\n<p>Sus datos personales ser\u00e1n recopilados y tratados por W4M Digital Solutions en las siguientes situaciones:<\/p>\n<p><strong>Datos de contacto<\/strong><span>\u00a0<\/span>(Nombre, direcci\u00f3n, n\u00famero de tel\u00e9fono y correo electr\u00f3nico).<\/p>\n<p><strong>Intereses<\/strong><span>\u00a0<\/span>(Informaci\u00f3n que nos ha proporcionado sobre temas de inter\u00e9s, aficiones u otras preferencias personales).<\/p>\n<p><strong>Otros datos personales<\/strong><span>\u00a0<\/span>(Informaci\u00f3n que nos ha proporcionado sobre su fecha de nacimiento, nivel educativo, domicilio o situaci\u00f3n laboral).<\/p>\n<p><strong>Datos de registro<\/strong><span>\u00a0<\/span>(Datos necesarios para crear su cuenta en el sitio web).<\/p>\n<p><strong>Uso del sitio web y comunicaciones<\/strong><span>\u00a0<\/span>(Informaci\u00f3n sobre c\u00f3mo utiliza el sitio web y si ha abierto o reenviado nuestros mensajes, incluidos los datos recopilados mediante cookies u otras tecnolog\u00edas de seguimiento. Para obtener informaci\u00f3n m\u00e1s detallada, consulte nuestra Pol\u00edtica de Cookies).<\/p>\n<p>En ning\u00fan momento se solicita ni se anima a W4M Digital Solutions a recopilar categor\u00edas especiales de datos, en concreto, datos relacionados con creencias filos\u00f3ficas o pol\u00edticas, afiliaci\u00f3n a partidos pol\u00edticos o sindicatos, creencias religiosas y origen racial o \u00e9tnico, as\u00ed como el tratamiento de datos relacionados con la salud y la vida sexual, incluidos los datos gen\u00e9ticos.<\/p>\n<p>&nbsp;<\/p>\n<h3>\u00bfCon qu\u00e9 fines y sobre qu\u00e9 base se pueden utilizar sus datos personales?<\/h3>\n<p>De acuerdo con el Reglamento General de Protecci\u00f3n de Datos (RGPD), el uso de datos personales debe estar justificado por al menos una base legal para el tratamiento de datos personales:<\/p>\n<p><strong>Consentimiento<\/strong><span>\u00a0<\/span>(art. 6, n.\u00ba 1, letra a) del RGPD): cuando usted ha dado su consentimiento para el tratamiento de sus datos personales (consentimiento que puede retirarse posteriormente);<\/p>\n<p><strong>Ejecuci\u00f3n de un contrato\/medidas precontractuales<\/strong><span>\u00a0<\/span>(art. 6, n.\u00ba 1, letra b) del RGPD): cuando el tratamiento es necesario para celebrar un contrato con usted o para su ejecuci\u00f3n;<\/p>\n<p><strong>Cumplimiento de obligaciones legales<\/strong><span>\u00a0<\/span>(art. 6, n.\u00ba 1, letra c) del RGPD): cuando el tratamiento es necesario para cumplir con las obligaciones legales a las que est\u00e1 sujeta la empresa;<\/p>\n<p><strong>Salvaguarda del inter\u00e9s leg\u00edtimo<\/strong><span>\u00a0<\/span>(art. 6, n.\u00ba 1, letra f) del RGPD): cuando el tratamiento es necesario para lograr un inter\u00e9s leg\u00edtimo y nuestros motivos para utilizarlo prevalecen sobre sus derechos en materia de protecci\u00f3n de datos.<\/p>\n<p><strong>Categor\u00edas de Datos Personales que Procesamos<\/strong><\/p>\n<p>Nombre e Informaci\u00f3n de Contacto: Recopilamos su nombre y apellidos, correo electr\u00f3nico, direcci\u00f3n, n\u00famero de tel\u00e9fono y otra informaci\u00f3n de contacto similar.<\/p>\n<p>Datos Demogr\u00e1ficos: Edad, sexo, pa\u00eds e idioma de preferencia.<\/p>\n<p>Datos de Uso: Recopilamos datos sobre c\u00f3mo interact\u00faa con nuestros Servicios. Esto incluye informaci\u00f3n como las funciones que utiliza, los art\u00edculos que compra, las p\u00e1ginas web que visita y los t\u00e9rminos de b\u00fasqueda que introduce. Tambi\u00e9n incluye informaci\u00f3n sobre su dispositivo y la red que utiliza para conectarse a nuestros Servicios, incluyendo la direcci\u00f3n IP, los identificadores del dispositivo (como el n\u00famero IMEI para tel\u00e9fonos) y la configuraci\u00f3n regional y de idioma. Esto incluye informaci\u00f3n sobre los sistemas operativos y otro software instalado en su dispositivo, incluyendo las claves de producto. Tambi\u00e9n incluye informaci\u00f3n sobre el rendimiento de los Servicios y cualquier problema que pueda haber surgido como resultado de su experiencia con ellos.<\/p>\n<p>Datos de ubicaci\u00f3n: Recopilamos datos sobre su ubicaci\u00f3n, que pueden ser precisos o imprecisos. Los datos de ubicaci\u00f3n precisos pueden incluir datos del Sistema de Posicionamiento Global (GPS), as\u00ed como datos que identifican torres de telefon\u00eda m\u00f3vil y puntos de acceso Wi-Fi, que se recopilan al activar servicios o funciones basados en la ubicaci\u00f3n. Los datos de ubicaci\u00f3n imprecisos incluyen, por ejemplo, la ubicaci\u00f3n derivada de su direcci\u00f3n IP o datos que indican su ubicaci\u00f3n con menor precisi\u00f3n, como una ciudad o un c\u00f3digo postal.<\/p>\n<p>Contenido: Recopilamos contenido de sus archivos y comunicaciones cuando es necesario para prestarle nuestros Servicios.<\/p>\n<h3>\u00a0<\/h3>\n<h3>\u00bfC\u00f3mo mantenemos seguros sus datos personales?<\/h3>\n<p>Utilizamos diversas medidas de seguridad, como herramientas de cifrado y autenticaci\u00f3n, para proteger y mantener la seguridad, integridad y disponibilidad de sus datos personales.<\/p>\n<p>Aunque la transmisi\u00f3n de datos por internet o a trav\u00e9s del sitio web no puede garantizar una seguridad completa contra intrusiones, nosotros, nuestros proveedores de servicios y socios comerciales nos esforzamos al m\u00e1ximo para implementar y mantener medidas de seguridad f\u00edsicas, electr\u00f3nicas y procedimentales dise\u00f1adas para proteger sus datos personales de acuerdo con los requisitos de protecci\u00f3n de datos aplicables.<\/p>\n<h3>\u00a0<\/h3>\n<h3>\u00bfDurante cu\u00e1nto tiempo conservamos sus datos personales?<\/h3>\n<p>De conformidad con el art\u00edculo 17 del RGPD, solo conservaremos sus datos durante el periodo estrictamente necesario para los respectivos fines de tratamiento. Si los datos se tratan para m\u00faltiples fines, se eliminar\u00e1n autom\u00e1ticamente o se almacenar\u00e1n en un formato que no permita extraer conclusiones sobre su identidad una vez que haya expirado el \u00faltimo fin espec\u00edfico.<\/p>\n<p>Reclutamiento y selecci\u00f3n de candidatos basados en el consentimiento: Para la finalidad en cuesti\u00f3n, sus datos se conservar\u00e1n durante un periodo m\u00e1ximo de dos a\u00f1os a partir de la fecha en que se obtuvo su consentimiento o se present\u00f3 su solicitud para un puesto espec\u00edfico (lo que ocurra m\u00e1s tarde), siempre que no haya retirado su consentimiento dentro de este plazo.<\/p>\n<h3>\u00a0<\/h3>\n<h3>\u00bfC\u00f3mo puedo ejercer mi derecho de acceso, rectificaci\u00f3n, cancelaci\u00f3n y oposici\u00f3n (ARCO) sobre mis datos personales?<\/h3>\n<p>Seg\u00fan el RGPD, el interesado tiene derecho a solicitar al responsable del tratamiento el acceso, la rectificaci\u00f3n o la supresi\u00f3n de sus datos personales.<\/p>\n<p>El interesado tambi\u00e9n tiene derecho a revocar el consentimiento para el tratamiento de sus datos personales en cualquier momento, sin que ello afecte a la licitud del tratamiento realizado con base en el consentimiento previamente otorgado.<\/p>\n<p>Puede ejercer estos derechos de acceso, rectificaci\u00f3n, supresi\u00f3n, limitaci\u00f3n del tratamiento, oposici\u00f3n al tratamiento, portabilidad o revocaci\u00f3n del consentimiento ante W4M &#8211; Digital Solutions, Limitada, enviando un correo electr\u00f3nico a<span>\u00a0<\/span><span id=\"cloak282b899083f393a21a6cacf27b38dab1\"><a href=\"mailto:info@w4msolutions.com\">info@w4msolutions.com<\/a><\/span><span>\u00a0<\/span>o por correo certificado a W4M &#8211; Digital Solutions, Limitada, Avenida 5 de Outubro, n.\u00ba 82 &#8211; 1.\u00ba Dt.\u00ba 8000-076 Faro.<\/p>\n<p>Sujeto a ciertas condiciones, usted puede tener derecho a solicitar que:<\/p>\n<p>le proporcionemos informaci\u00f3n adicional sobre el uso que hacemos de sus datos personales;<\/p>\n<p>le proporcionemos una copia de los datos personales que nos ha proporcionado;<\/p>\n<p>proporcionemos los datos personales que nos ha proporcionado a otro responsable del tratamiento de datos si usted lo solicita;<\/p>\n<p>corrijamos cualquier inexactitud en los datos personales que conservamos;<\/p>\n<p>eliminemos los datos personales cuyo uso ya no sea leg\u00edtimo;<\/p>\n<p>limitemos el uso de sus datos personales hasta que se haya investigado la queja.<\/p>\n<p>El ejercicio de estos derechos est\u00e1 sujeto a ciertas excepciones dise\u00f1adas para salvaguardar el inter\u00e9s p\u00fablico (prevenci\u00f3n o detecci\u00f3n de delitos) o nuestro inter\u00e9s (mantenimiento del secreto profesional).<\/p>\n<p>Si ejerce alguno de estos derechos, analizaremos su solicitud y le responderemos en el plazo de un (1) mes.<\/p>\n<p>Si no est\u00e1 satisfecho con el uso que hacemos de sus datos personales o con nuestra respuesta despu\u00e9s de ejercer cualquiera de estos derechos, tiene derecho a presentar una queja ante su autoridad de control (Comiss\u00e3o Nacional de Prote\u00e7\u00e3o de Dados \u2013 CNPD, Rua de S\u00e3o Bento, n.\u00ba 148, 3\u00ba, 1200-821 Lisboa | Tel: 213928400, correo electr\u00f3nico:<span>\u00a0<\/span><span id=\"cloak07450bd4b6d221a4128316ffffd34a2e\"><a href=\"mailto:geral@cnpd.pt\">geral@cnpd.pt<\/a><\/span>).<\/p>\n<p><strong>\u00a0<\/strong><\/p>\n<h3>\u00bfHay alg\u00fan cambio en la Pol\u00edtica de Privacidad?<\/h3>\n<p>W4M &#8211; Digital Solutions, Limitada se reserva el derecho de actualizar o revisar esta Pol\u00edtica de Privacidad en cualquier momento para adaptarla a cualquier cambio legislativo u otras restricciones. Cualquier cambio se publicar\u00e1 aqu\u00ed, por lo que se recomienda a los usuarios visitar esta secci\u00f3n con frecuencia para mantenerse informados sobre la Pol\u00edtica de Privacidad vigente.<\/p>\n<p>[\/et_pb_text][\/et_pb_column][\/et_pb_row][\/et_pb_section]<\/p>\n","protected":false},"excerpt":{"rendered":"<p>W4M Digital SolutionsPol\u00edtica de PrivacidadEl Reglamento (UE) 2016\/679 del Parlamento Europeo y del Consejo es el Reglamento General de Protecci\u00f3n de Datos (RGPD), vigente desde el 25 de mayo de 2018 en la Uni\u00f3n Europea. El RGPD establece las normas que rigen el tratamiento de datos personales de personas f\u00edsicas en la UE por parte [&hellip;]<\/p>\n","protected":false},"author":1,"featured_media":0,"parent":0,"menu_order":0,"comment_status":"closed","ping_status":"open","template":"","meta":{"_et_pb_use_builder":"on","_et_pb_old_content":"","_et_gb_content_width":"","footnotes":""},"class_list":["post-2705","page","type-page","status-publish","hentry"],"_links":{"self":[{"href":"https:\/\/turismo.w4msolutions.com\/es\/wp-json\/wp\/v2\/pages\/2705","targetHints":{"allow":["GET"]}}],"collection":[{"href":"https:\/\/turismo.w4msolutions.com\/es\/wp-json\/wp\/v2\/pages"}],"about":[{"href":"https:\/\/turismo.w4msolutions.com\/es\/wp-json\/wp\/v2\/types\/page"}],"author":[{"embeddable":true,"href":"https:\/\/turismo.w4msolutions.com\/es\/wp-json\/wp\/v2\/users\/1"}],"replies":[{"embeddable":true,"href":"https:\/\/turismo.w4msolutions.com\/es\/wp-json\/wp\/v2\/comments?post=2705"}],"version-history":[{"count":4,"href":"https:\/\/turismo.w4msolutions.com\/es\/wp-json\/wp\/v2\/pages\/2705\/revisions"}],"predecessor-version":[{"id":2713,"href":"https:\/\/turismo.w4msolutions.com\/es\/wp-json\/wp\/v2\/pages\/2705\/revisions\/2713"}],"wp:attachment":[{"href":"https:\/\/turismo.w4msolutions.com\/es\/wp-json\/wp\/v2\/media?parent=2705"}],"curies":[{"name":"wp","href":"https:\/\/api.w.org\/{rel}","templated":true}]}}