{"id":2694,"date":"2025-07-01T15:07:41","date_gmt":"2025-07-01T15:07:41","guid":{"rendered":"https:\/\/turismo.w4msolutions.com\/politica-de-qualidad\/"},"modified":"2026-04-10T05:16:11","modified_gmt":"2026-04-10T05:16:11","slug":"politica-de-qualidad","status":"publish","type":"page","link":"https:\/\/turismo.w4msolutions.com\/es\/politica-de-qualidad\/","title":{"rendered":"Pol\u00edtica de Qualidad"},"content":{"rendered":"<p>[et_pb_section fb_built=\u00bb1&#8243; _builder_version=\u00bb4.27.4&#8243; _module_preset=\u00bbdefault\u00bb background_color=\u00bb#F57233&#8243; use_background_color_gradient=\u00bbon\u00bb background_color_gradient_stops=\u00bbrgba(0,0,0,0.2) 0%|rgba(0,0,0,0.3) 100%\u00bb background_color_gradient_overlays_image=\u00bbon\u00bb background_image=\u00bbhttps:\/\/turismo.w4msolutions.com\/wp-content\/uploads\/2025\/02\/imagem_w4m_topo.jpg\u00bb custom_margin=\u00bb-150px||||false|false\u00bb custom_padding=\u00bb270px||29px||false|false\u00bb global_colors_info=\u00bb{}\u00bb][\/et_pb_section][et_pb_section fb_built=\u00bb1&#8243; _builder_version=\u00bb4.27.4&#8243; _module_preset=\u00bbdefault\u00bb global_colors_info=\u00bb{}\u00bb][et_pb_row make_equal=\u00bbon\u00bb _builder_version=\u00bb4.27.4&#8243; _module_preset=\u00bbdefault\u00bb width=\u00bb90%\u00bb global_colors_info=\u00bb{}\u00bb][et_pb_column type=\u00bb4_4&#8243; _builder_version=\u00bb4.27.4&#8243; _module_preset=\u00bbdefault\u00bb custom_css_main_element=\u00bbdisplay:flex;||flex-direction:column;||justify-content:center;\u00bb pac_dcm_carousel_specific_module_num=\u00bb0&#8243; global_colors_info=\u00bb{}\u00bb][et_pb_text _builder_version=\u00bb4.27.4&#8243; _module_preset=\u00bbdefault\u00bb text_font=\u00bb&#8211;et_global_body_font|600||on|||||\u00bb text_text_color=\u00bb#F57233&#8243; custom_margin=\u00bb||18px|||\u00bb global_colors_info=\u00bb{}\u00bb]<\/p>\n<p>W4M Digital Solutions<\/p>\n<p>[\/et_pb_text][et_pb_text _builder_version=\u00bb4.27.4&#8243; _module_preset=\u00bbdefault\u00bb header_line_height=\u00bb1.5em\u00bb header_2_font_size=\u00bb35px\u00bb header_2_line_height=\u00bb1.3em\u00bb header_3_font_size=\u00bb25px\u00bb header_3_line_height=\u00bb1.3em\u00bb custom_margin=\u00bb||15px|||\u00bb global_colors_info=\u00bb{}\u00bb]<\/p>\n<h2>Pol\u00edtica de Qualidad<\/h2>\n<p>[\/et_pb_text][et_pb_text _builder_version=\u00bb4.27.4&#8243; _module_preset=\u00bbdefault\u00bb text_font_size=\u00bb14px\u00bb global_colors_info=\u00bb{}\u00bb]<\/p>\n<p><strong>ISO 9001:2015<\/strong><\/p>\n<p><span data-contrast=\"auto\"><strong>W4M<\/strong> es una empresa dedicada al desarrollo de software y soluciones de tecnolog\u00edas de la informaci\u00f3n. Orientada por una cultura de innovaci\u00f3n, persigue el \u00e9xito a trav\u00e9s del trabajo en equipo y las relaciones de confianza desarrolladas con sus clientes y socios. <\/span><span> <\/span><\/p>\n<p><span> <\/span><span data-contrast=\"auto\">La organizaci\u00f3n basa su desempe\u00f1o en los siguientes puntos clave:<\/span><span> <\/span><\/p>\n<ul>\n<li data-leveltext=\"\uf0b7\" data-font=\"Symbol\" data-listid=\"25\" data-aria-posinset=\"1\" data-aria-level=\"1\"><b><span data-contrast=\"none\">Satisfacci\u00f3n del cliente, socios y dem\u00e1s partes interesadas<\/span><\/b><span data-contrast=\"auto\">, resultado de la correcta identificaci\u00f3n de las necesidades de los clientes y de la uni\u00f3n de esfuerzos y medios que permiten prestar el mejor servicio. El desarrollo y las soluciones a medida, la innovaci\u00f3n y la creatividad son valores a\u00f1adidos que la organizaci\u00f3n aporta a cada proyecto desarrollado; <\/span><span> <\/span><\/li>\n<li data-leveltext=\"\uf0b7\" data-font=\"Symbol\" data-listid=\"25\" data-aria-posinset=\"1\" data-aria-level=\"1\"><b><span data-contrast=\"none\">Fidelizaci\u00f3n de clientes y socios<\/span><\/b><span data-contrast=\"auto\">, en la medida en que la empresa considera a los clientes como verdaderos socios, donde el mantenimiento de relaciones de confianza duraderas, basadas en un servicio de excelencia, constituye la principal fuente de sostenibilidad de la empresa;<\/span><\/li>\n<li data-leveltext=\"\uf0b7\" data-font=\"Symbol\" data-listid=\"25\" data-aria-posinset=\"1\" data-aria-level=\"1\"><b><span data-contrast=\"none\">Oferta especializada, diferenciada e integrada.<\/span><\/b> <span data-contrast=\"auto\">Disponemos de una cartera de productos individualizados y personalizados (wifi, gesti\u00f3n de atenci\u00f3n al cliente, alquiler, se\u00f1alizaci\u00f3n digital) que se ajustan a diferentes realidades y \u00e1reas de actividad, lo que nos permite responder a las necesidades de los clientes. Seguimos un modelo de negocio innovador, pero que se adapta a la evoluci\u00f3n y las tendencias del mercado.  <\/span><\/li>\n<\/ul>\n<ul>\n<li data-leveltext=\"\uf0b7\" data-font=\"Symbol\" data-listid=\"25\" data-aria-posinset=\"3\" data-aria-level=\"1\"><b><span data-contrast=\"none\">Equipo cualificado, responsable y aut\u00f3nomo<\/span><\/b><span data-contrast=\"auto\"> que en todo momento tiene la capacidad de tomar las decisiones adecuadas y desempe\u00f1ar su funci\u00f3n de manera eficaz. La buena comunicaci\u00f3n, la capacidad de aprendizaje y las buenas relaciones son elementos fundamentales que la organizaci\u00f3n fomenta y promueve; <\/span><span> <\/span><\/li>\n<li data-leveltext=\"\uf0b7\" data-font=\"Symbol\" data-listid=\"25\" data-aria-posinset=\"3\" data-aria-level=\"1\">\n<ul><\/ul>\n<p><span data-contrast=\"auto\">La Administraci\u00f3n tambi\u00e9n se compromete a <\/span><b><span data-contrast=\"none\">mejorar continuamente el sistema de calidad<\/span><\/b><span data-contrast=\"auto\">, pero esto solo ser\u00e1 posible respetando los principios anteriormente mencionados y garantizando la implicaci\u00f3n y el esp\u00edritu cr\u00edtico y activo de todos los colaboradores en el cumplimiento de los objetivos establecidos.<\/span><\/p>\n<\/li>\n<li data-leveltext=\"\uf0b7\" data-font=\"Symbol\" data-listid=\"25\" data-aria-posinset=\"3\" data-aria-level=\"1\"><span data-contrast=\"auto\"><\/span><b><span data-contrast=\"none\">Innovaci\u00f3n y organizaci\u00f3n<\/span><\/b><span data-contrast=\"auto\">. Trabajamos en un sector muy din\u00e1mico en el que los actores del mercado, las tecnolog\u00edas y las tendencias evolucionan r\u00e1pidamente, lo que genera nuevas oportunidades y riesgos cada d\u00eda. Nuestra respuesta pasa por la innovaci\u00f3n constante de los procesos, los productos y las formas de trabajar, pero tambi\u00e9n por la organizaci\u00f3n y las mejores pr\u00e1cticas de gesti\u00f3n. <\/span><span> <\/span><\/li>\n<li data-leveltext=\"\uf0b7\" data-font=\"Symbol\" data-listid=\"25\" data-aria-posinset=\"3\" data-aria-level=\"1\"><b><span data-contrast=\"none\">Inversi\u00f3n <\/span><\/b><span data-contrast=\"auto\">en medios y recursos que permitan un crecimiento s\u00f3lido y consistente de nuestras actividades;<\/span><\/li>\n<li data-leveltext=\"\uf0b7\" data-font=\"Symbol\" data-listid=\"25\" data-aria-posinset=\"3\" data-aria-level=\"1\"><b><span data-contrast=\"none\">Cumplimiento de los requisitos aplicables<\/span><\/b><span data-contrast=\"auto\">, derivados de la legislaci\u00f3n y las normas, de los clientes y los definidos internamente.<\/span> <span> <\/span><\/li>\n<\/ul>\n<p>&nbsp;<\/p>\n<p>El sistema de gesti\u00f3n de W4M ha sido evaluado y certificado como conforme a los requisitos de<span> <\/span><strong>ISO 9001:2015<\/strong><span> <\/span>para las siguientes actividades: Desarrollo, implementaci\u00f3n y asistencia t\u00e9cnica de soluciones de tecnolog\u00edas de la informaci\u00f3n para la gesti\u00f3n de alquiler de veh\u00edculos, se\u00f1alizaci\u00f3n digital, gesti\u00f3n de atenci\u00f3n al cliente, gesti\u00f3n de redes wifi y gesti\u00f3n de sistemas IoT. Instalaci\u00f3n y mantenimiento de redes inform\u00e1ticas. <\/p>\n<p>[\/et_pb_text][\/et_pb_column][\/et_pb_row][\/et_pb_section][et_pb_section fb_built=\u00bb1&#8243; _builder_version=\u00bb4.27.4&#8243; _module_preset=\u00bbdefault\u00bb background_color=\u00bb#313233&#8243; custom_padding=\u00bb11px||11px|||\u00bb global_module=\u00bb183&#8243; saved_tabs=\u00bball\u00bb global_colors_info=\u00bb{}\u00bb][et_pb_row _builder_version=\u00bb4.27.4&#8243; _module_preset=\u00bbdefault\u00bb width=\u00bb100%\u00bb max_width=\u00bb100%\u00bb custom_padding=\u00bb9px||5px|||\u00bb global_colors_info=\u00bb{}\u00bb][et_pb_column type=\u00bb4_4&#8243; _builder_version=\u00bb4.27.4&#8243; _module_preset=\u00bbdefault\u00bb pac_dcm_carousel_specific_module_num=\u00bb0&#8243; global_colors_info=\u00bb{}\u00bb][dica_divi_carousel show_items_desktop=\u00bb8&#8243; loop=\u00bbon\u00bb autoplay=\u00bbon\u00bb autoplay_speed=\u00bb2000&#8243; item_spacing=\u00bb2&#8243; equal_height=\u00bbon\u00bb advanced_effect=\u00bb1&#8243; overlay_color_field_bgcolor=\u00bbrgba(255,255,255,0.85)\u00bb image_sizing=\u00bb50%\u00bb _builder_version=\u00bb4.27.4&#8243; _module_preset=\u00bbdefault\u00bb custom_css_title=\u00bbdisplay:none;\u00bb global_colors_info=\u00bb{}\u00bb][dica_divi_carouselitem title=\u00bbAnantara\u00bb button_url_new_window=\u00bb1&#8243; image=\u00bbhttps:\/\/turismo.w4msolutions.com\/wp-content\/uploads\/2025\/02\/logo_anantara.png\u00bb image_alt=\u00bbHotel Anantara\u00bb _builder_version=\u00bb4.27.4&#8243; _module_preset=\u00bbdefault\u00bb global_colors_info=\u00bb{}\u00bb][\/dica_divi_carouselitem][dica_divi_carouselitem title=\u00bbQuinta da Marinha\u00bb button_url_new_window=\u00bb1&#8243; image=\u00bbhttps:\/\/turismo.w4msolutions.com\/wp-content\/uploads\/2025\/02\/logo_quintamarinha.png\u00bb image_alt=\u00bbHotel Quinta da Marinha\u00bb _builder_version=\u00bb4.27.4&#8243; _module_preset=\u00bbdefault\u00bb global_colors_info=\u00bb{}\u00bb][\/dica_divi_carouselitem][dica_divi_carouselitem title=\u00bbQuinta do Fur\u00e3o\u00bb button_url_new_window=\u00bb1&#8243; image=\u00bbhttps:\/\/turismo.w4msolutions.com\/wp-content\/uploads\/2025\/02\/logo_quintafurao.png\u00bb image_alt=\u00bbHotel Quinta do Fur\u00e3o\u00bb _builder_version=\u00bb4.27.4&#8243; _module_preset=\u00bbdefault\u00bb global_colors_info=\u00bb{}\u00bb][\/dica_divi_carouselitem][dica_divi_carouselitem title=\u00bbLisboa Camping\u00bb button_url_new_window=\u00bb1&#8243; image=\u00bbhttps:\/\/turismo.w4msolutions.com\/wp-content\/uploads\/2025\/02\/logo_lisboacamping.png\u00bb image_alt=\u00bbLisboa Camping Bungalows\u00bb _builder_version=\u00bb4.27.4&#8243; _module_preset=\u00bbdefault\u00bb global_colors_info=\u00bb{}\u00bb][\/dica_divi_carouselitem][dica_divi_carouselitem title=\u00bbInatel\u00bb button_url_new_window=\u00bb1&#8243; image=\u00bbhttps:\/\/turismo.w4msolutions.com\/wp-content\/uploads\/2025\/02\/logo_inatel.png\u00bb image_alt=\u00bbInatel\u00bb _builder_version=\u00bb4.27.4&#8243; _module_preset=\u00bbdefault\u00bb global_colors_info=\u00bb{}\u00bb][\/dica_divi_carouselitem][dica_divi_carouselitem title=\u00bbEsta\u00e7\u00e3o Menina Bonita\u00bb button_url_new_window=\u00bb1&#8243; image=\u00bbhttps:\/\/turismo.w4msolutions.com\/wp-content\/uploads\/2025\/02\/logo_estacaomeninabonita.png\u00bb image_alt=\u00bbEsta\u00e7\u00e3o Menina Bonita\u00bb _builder_version=\u00bb4.27.4&#8243; _module_preset=\u00bbdefault\u00bb global_colors_info=\u00bb{}\u00bb][\/dica_divi_carouselitem][dica_divi_carouselitem title=\u00bbEuromoniz\u00bb button_url_new_window=\u00bb1&#8243; image=\u00bbhttps:\/\/turismo.w4msolutions.com\/wp-content\/uploads\/2025\/02\/logo_euromoniz.png\u00bb image_alt=\u00bbHotel Dublin\u00bb _builder_version=\u00bb4.27.4&#8243; _module_preset=\u00bbdefault\u00bb global_colors_info=\u00bb{}\u00bb][\/dica_divi_carouselitem][dica_divi_carouselitem title=\u00bbWine  Books\u00bb button_url_new_window=\u00bb1&#8243; image=\u00bbhttps:\/\/turismo.w4msolutions.com\/wp-content\/uploads\/2025\/02\/logo_winebook.png\u00bb image_alt=\u00bbWine  Books Hotel\u00bb _builder_version=\u00bb4.27.4&#8243; _module_preset=\u00bbdefault\u00bb global_colors_info=\u00bb{}\u00bb][\/dica_divi_carouselitem][dica_divi_carouselitem title=\u00bbVidamar\u00bb button_url_new_window=\u00bb1&#8243; image=\u00bbhttps:\/\/turismo.w4msolutions.com\/wp-content\/uploads\/2025\/02\/logo_vidamar.png\u00bb image_alt=\u00bbVidamar Hotels\u00bb _builder_version=\u00bb4.27.4&#8243; _module_preset=\u00bbdefault\u00bb global_colors_info=\u00bb{}\u00bb][\/dica_divi_carouselitem][dica_divi_carouselitem title=\u00bbTrivalor\u00bb button_url_new_window=\u00bb1&#8243; image=\u00bbhttps:\/\/turismo.w4msolutions.com\/wp-content\/uploads\/2025\/02\/logo_trivalor.png\u00bb image_alt=\u00bbTrivalor\u00bb _builder_version=\u00bb4.27.4&#8243; _module_preset=\u00bbdefault\u00bb global_colors_info=\u00bb{}\u00bb][\/dica_divi_carouselitem][dica_divi_carouselitem title=\u00bbTomatino\u00bb button_url_new_window=\u00bb1&#8243; image=\u00bbhttps:\/\/turismo.w4msolutions.com\/wp-content\/uploads\/2025\/02\/logo_tomatino.png\u00bb image_alt=\u00bbTomatino\u00bb _builder_version=\u00bb4.27.4&#8243; _module_preset=\u00bbdefault\u00bb global_colors_info=\u00bb{}\u00bb][\/dica_divi_carouselitem][dica_divi_carouselitem title=\u00bbSlide  Splash\u00bb button_url_new_window=\u00bb1&#8243; image=\u00bbhttps:\/\/turismo.w4msolutions.com\/wp-content\/uploads\/2025\/02\/logo_slideSplah.png\u00bb image_alt=\u00bbTomatino\u00bb _builder_version=\u00bb4.27.4&#8243; _module_preset=\u00bbdefault\u00bb global_colors_info=\u00bb{}\u00bb][\/dica_divi_carouselitem][dica_divi_carouselitem title=\u00bbSantarem Hotel\u00bb button_url_new_window=\u00bb1&#8243; image=\u00bbhttps:\/\/turismo.w4msolutions.com\/wp-content\/uploads\/2025\/02\/logo_santaremhotel.png\u00bb image_alt=\u00bbSantarem Hotel\u00bb _builder_version=\u00bb4.27.4&#8243; _module_preset=\u00bbdefault\u00bb global_colors_info=\u00bb{}\u00bb][\/dica_divi_carouselitem][dica_divi_carouselitem title=\u00bbPenha Longa\u00bb button_url_new_window=\u00bb1&#8243; image=\u00bbhttps:\/\/turismo.w4msolutions.com\/wp-content\/uploads\/2025\/02\/logo_penhalonga.png\u00bb image_alt=\u00bbPenha Longa\u00bb _builder_version=\u00bb4.27.4&#8243; _module_preset=\u00bbdefault\u00bb global_colors_info=\u00bb{}\u00bb][\/dica_divi_carouselitem][dica_divi_carouselitem title=\u00bbOcean\u00e1rio\u00bb button_url_new_window=\u00bb1&#8243; image=\u00bbhttps:\/\/turismo.w4msolutions.com\/wp-content\/uploads\/2025\/02\/logo_oceanariolisboa.png\u00bb image_alt=\u00bbOcean\u00e1rio de Lisboa\u00bb _builder_version=\u00bb4.27.4&#8243; _module_preset=\u00bbdefault\u00bb global_colors_info=\u00bb{}\u00bb][\/dica_divi_carouselitem][dica_divi_carouselitem title=\u00bbNOS Alive\u00bb button_url_new_window=\u00bb1&#8243; image=\u00bbhttps:\/\/turismo.w4msolutions.com\/wp-content\/uploads\/2025\/02\/logo_nosalive.png\u00bb image_alt=\u00bbNOS Alive\u00bb _builder_version=\u00bb4.27.4&#8243; _module_preset=\u00bbdefault\u00bb global_colors_info=\u00bb{}\u00bb][\/dica_divi_carouselitem][dica_divi_carouselitem title=\u00bbNoori Sushi\u00bb button_url_new_window=\u00bb1&#8243; image=\u00bbhttps:\/\/turismo.w4msolutions.com\/wp-content\/uploads\/2025\/02\/logo_noorisushi.png\u00bb image_alt=\u00bbNoori Sushi\u00bb _builder_version=\u00bb4.27.4&#8243; _module_preset=\u00bbdefault\u00bb global_colors_info=\u00bb{}\u00bb][\/dica_divi_carouselitem][dica_divi_carouselitem title=\u00bbHolmes Place\u00bb button_url_new_window=\u00bb1&#8243; image=\u00bbhttps:\/\/turismo.w4msolutions.com\/wp-content\/uploads\/2025\/02\/logo_holmesplace.png\u00bb image_alt=\u00bbHolmes Place\u00bb _builder_version=\u00bb4.27.4&#8243; _module_preset=\u00bbdefault\u00bb global_colors_info=\u00bb{}\u00bb][\/dica_divi_carouselitem][dica_divi_carouselitem title=\u00bbH3&#8243; button_url_new_window=\u00bb1&#8243; image=\u00bbhttps:\/\/turismo.w4msolutions.com\/wp-content\/uploads\/2025\/02\/logo_h3.png\u00bb image_alt=\u00bbH3&#8243; _builder_version=\u00bb4.27.4&#8243; _module_preset=\u00bbdefault\u00bb global_colors_info=\u00bb{}\u00bb][\/dica_divi_carouselitem][dica_divi_carouselitem title=\u00bbGo Natural\u00bb button_url_new_window=\u00bb1&#8243; image=\u00bbhttps:\/\/turismo.w4msolutions.com\/wp-content\/uploads\/2025\/02\/logo_gonatural.png\u00bb image_alt=\u00bbGo Natural\u00bb _builder_version=\u00bb4.27.4&#8243; _module_preset=\u00bbdefault\u00bb global_colors_info=\u00bb{}\u00bb][\/dica_divi_carouselitem][dica_divi_carouselitem title=\u00bbCozinha Continente\u00bb button_url_new_window=\u00bb1&#8243; image=\u00bbhttps:\/\/turismo.w4msolutions.com\/wp-content\/uploads\/2025\/02\/logo_cozinhacontinente.png\u00bb image_alt=\u00bbCozinha Continente\u00bb _builder_version=\u00bb4.27.4&#8243; _module_preset=\u00bbdefault\u00bb global_colors_info=\u00bb{}\u00bb][\/dica_divi_carouselitem][dica_divi_carouselitem title=\u00bbCervejaria Ramiro\u00bb button_url_new_window=\u00bb1&#8243; image=\u00bbhttps:\/\/turismo.w4msolutions.com\/wp-content\/uploads\/2025\/02\/logo_cervejariaramiro.png\u00bb image_alt=\u00bbCervejaria Ramiro\u00bb _builder_version=\u00bb4.27.4&#8243; _module_preset=\u00bbdefault\u00bb global_colors_info=\u00bb{}\u00bb][\/dica_divi_carouselitem][dica_divi_carouselitem title=\u00bbCaf\u00e9 3&#8243; button_url_new_window=\u00bb1&#8243; image=\u00bbhttps:\/\/turismo.w4msolutions.com\/wp-content\/uploads\/2025\/02\/logo_cafe3.png\u00bb image_alt=\u00bbCaf\u00e93&#8243; _builder_version=\u00bb4.27.4&#8243; _module_preset=\u00bbdefault\u00bb global_colors_info=\u00bb{}\u00bb][\/dica_divi_carouselitem][dica_divi_carouselitem title=\u00bbBagga\u00bb button_url_new_window=\u00bb1&#8243; image=\u00bbhttps:\/\/turismo.w4msolutions.com\/wp-content\/uploads\/2025\/02\/logo_bagga.png\u00bb image_alt=\u00bbBagga\u00bb _builder_version=\u00bb4.27.4&#8243; _module_preset=\u00bbdefault\u00bb global_colors_info=\u00bb{}\u00bb][\/dica_divi_carouselitem][dica_divi_carouselitem title=\u00bbAut\u00f3dromo Int. Algarve\u00bb button_url_new_window=\u00bb1&#8243; image=\u00bbhttps:\/\/turismo.w4msolutions.com\/wp-content\/uploads\/2025\/02\/logo_autodromoalgarve.png\u00bb image_alt=\u00bbAut\u00f3dromo Internacional Algarve\u00bb _builder_version=\u00bb4.27.4&#8243; _module_preset=\u00bbdefault\u00bb global_colors_info=\u00bb{}\u00bb][\/dica_divi_carouselitem][dica_divi_carouselitem title=\u00bbRock in Rio\u00bb button_url_new_window=\u00bb1&#8243; image=\u00bbhttps:\/\/turismo.w4msolutions.com\/wp-content\/uploads\/2025\/02\/logo_rockinrio.png\u00bb image_alt=\u00bbRock in Rio\u00bb _builder_version=\u00bb4.27.4&#8243; _module_preset=\u00bbdefault\u00bb global_colors_info=\u00bb{}\u00bb][\/dica_divi_carouselitem][\/dica_divi_carousel][\/et_pb_column][\/et_pb_row][\/et_pb_section]<\/p>\n","protected":false},"excerpt":{"rendered":"<p>W4M Digital SolutionsPol\u00edtica de QualidadISO 9001:2015 W4M es una empresa dedicada al desarrollo de software y soluciones de tecnolog\u00edas de la informaci\u00f3n. Orientada por una cultura de innovaci\u00f3n, persigue el \u00e9xito a trav\u00e9s del trabajo en equipo y las relaciones de confianza desarrolladas con sus clientes y socios. La organizaci\u00f3n basa su desempe\u00f1o en los [&hellip;]<\/p>\n","protected":false},"author":2,"featured_media":0,"parent":0,"menu_order":0,"comment_status":"closed","ping_status":"closed","template":"","meta":{"_et_pb_use_builder":"on","_et_pb_old_content":"","_et_gb_content_width":"","footnotes":""},"class_list":["post-2694","page","type-page","status-publish","hentry"],"_links":{"self":[{"href":"https:\/\/turismo.w4msolutions.com\/es\/wp-json\/wp\/v2\/pages\/2694","targetHints":{"allow":["GET"]}}],"collection":[{"href":"https:\/\/turismo.w4msolutions.com\/es\/wp-json\/wp\/v2\/pages"}],"about":[{"href":"https:\/\/turismo.w4msolutions.com\/es\/wp-json\/wp\/v2\/types\/page"}],"author":[{"embeddable":true,"href":"https:\/\/turismo.w4msolutions.com\/es\/wp-json\/wp\/v2\/users\/2"}],"replies":[{"embeddable":true,"href":"https:\/\/turismo.w4msolutions.com\/es\/wp-json\/wp\/v2\/comments?post=2694"}],"version-history":[{"count":12,"href":"https:\/\/turismo.w4msolutions.com\/es\/wp-json\/wp\/v2\/pages\/2694\/revisions"}],"predecessor-version":[{"id":6316,"href":"https:\/\/turismo.w4msolutions.com\/es\/wp-json\/wp\/v2\/pages\/2694\/revisions\/6316"}],"wp:attachment":[{"href":"https:\/\/turismo.w4msolutions.com\/es\/wp-json\/wp\/v2\/media?parent=2694"}],"curies":[{"name":"wp","href":"https:\/\/api.w.org\/{rel}","templated":true}]}}