{"id":2752,"date":"2025-02-12T14:43:13","date_gmt":"2025-02-12T14:43:13","guid":{"rendered":"https:\/\/turismo.w4msolutions.com\/?page_id=2752"},"modified":"2026-03-13T08:52:53","modified_gmt":"2026-03-13T08:52:53","slug":"terms-and-conditions","status":"publish","type":"page","link":"https:\/\/turismo.w4msolutions.com\/en\/terms-and-conditions\/","title":{"rendered":"Terms and Conditions"},"content":{"rendered":"<p>[et_pb_section fb_built=&#8221;1&#8243; _builder_version=&#8221;4.27.4&#8243; _module_preset=&#8221;default&#8221; background_color=&#8221;#F57233&#8243; use_background_color_gradient=&#8221;on&#8221; background_color_gradient_stops=&#8221;rgba(0,0,0,0.2) 0%|rgba(0,0,0,0.3) 100%&#8221; background_color_gradient_overlays_image=&#8221;on&#8221; background_image=&#8221;https:\/\/turismo.w4msolutions.com\/wp-content\/uploads\/2025\/02\/imagem_w4m_topo.jpg&#8221; custom_margin=&#8221;-150px||||false|false&#8221; custom_padding=&#8221;270px||29px||false|false&#8221; hover_enabled=&#8221;0&#8243; global_colors_info=&#8221;{}&#8221; sticky_enabled=&#8221;0&#8243;][\/et_pb_section][et_pb_section fb_built=&#8221;1&#8243; _builder_version=&#8221;4.27.4&#8243; _module_preset=&#8221;default&#8221; global_colors_info=&#8221;{}&#8221;][et_pb_row make_equal=&#8221;on&#8221; _builder_version=&#8221;4.27.4&#8243; _module_preset=&#8221;default&#8221; width=&#8221;90%&#8221; global_colors_info=&#8221;{}&#8221;][et_pb_column type=&#8221;4_4&#8243; _builder_version=&#8221;4.27.4&#8243; _module_preset=&#8221;default&#8221; custom_css_main_element=&#8221;display:flex;||flex-direction:column;||justify-content:center;&#8221; pac_dcm_carousel_specific_module_num=&#8221;0&#8243; global_colors_info=&#8221;{}&#8221;][et_pb_text _builder_version=&#8221;4.27.4&#8243; _module_preset=&#8221;default&#8221; text_font=&#8221;&#8211;et_global_body_font|600||on|||||&#8221; text_text_color=&#8221;#F57233&#8243; custom_margin=&#8221;||18px|||&#8221; global_colors_info=&#8221;{}&#8221;]<\/p>\n<p>W4M Digital Solutions<\/p>\n<p>[\/et_pb_text][et_pb_text _builder_version=&#8221;4.27.4&#8243; _module_preset=&#8221;default&#8221; header_line_height=&#8221;1.5em&#8221; header_2_font_size=&#8221;35px&#8221; header_2_line_height=&#8221;1.3em&#8221; header_3_font_size=&#8221;25px&#8221; header_3_line_height=&#8221;1.3em&#8221; custom_margin=&#8221;||15px|||&#8221; global_colors_info=&#8221;{}&#8221;]<\/p>\n<h2>Termos e Condi\u00e7\u00f5es<\/h2>\n<p>[\/et_pb_text][et_pb_text _builder_version=&#8221;4.27.4&#8243; _module_preset=&#8221;default&#8221; text_font_size=&#8221;14px&#8221; global_colors_info=&#8221;{}&#8221;]<\/p>\n<p>O presente documento estabelece as regras que regulam o acesso e utiliza\u00e7\u00e3o pelo utilizador do presente website.<\/p>\n<p>O Utilizador reconhece que ao aceder, consultar e utilizar o website est\u00e1 a aceitar estes Termos de Utiliza\u00e7\u00e3o.<\/p>\n<p>&nbsp;<\/p>\n<h3>Propriedade<\/h3>\n<p>Este website \u00e9 propriedade da W4M \u2013 Digital Solutions, Limitada. Empresa portuguesa registada sobre o n\u00famero de pessoa coletiva nr. <span>509854419.<\/span><\/p>\n<p>&nbsp;<\/p>\n<h3>Copyright e outros direitos de propriedade<\/h3>\n<p>O conte\u00fado deste website, incluindo marcas, desenhos, logotipos, texto, imagens, materiais \u00e1udio e de v\u00eddeo, \u00e9 propriedade da W4M \u2013 Digital Solutions, Limitada., a menos que indicado de outro modo atrav\u00e9s de uma refer\u00eancia \u00e0 sua fonte. E como tal, o conte\u00fado est\u00e1 protegido nos termos gerais de direito e pela legisla\u00e7\u00e3o nacional e internacional de prote\u00e7\u00e3o da Propriedade Intelectual. N\u00e3o \u00e9 permitido exibir, reproduzir, distribuir, modificar, transmitir ou usar os conte\u00fados de forma alguma, para nenhum prop\u00f3sito p\u00fablico ou comercial sem o pr\u00e9vio e expresso consentimento por escrito da W4M \u2013 Digital Solutions, Limitada.<\/p>\n<p>&nbsp;<\/p>\n<h3>Conte\u00fados e garantias<\/h3>\n<p>A informa\u00e7\u00e3o presente neste website foi inclu\u00edda de boa-f\u00e9 e serve exclusivamente para informa\u00e7\u00e3o geral, sendo a sua utiliza\u00e7\u00e3o de risco exclusivo do utilizador.<br \/>Este website e seus conte\u00fados s\u00e3o fornecidos sem garantias de tipo algum, sejam garantias impl\u00edcitas de comercializa\u00e7\u00e3o, n\u00e3o-infra\u00e7\u00e3o de direitos de terceiros e adequa\u00e7\u00e3o a um prop\u00f3sito particular. Do mesmo modo, n\u00e3o \u00e9 dada qualquer garantia de que o acesso a estes sites seja ininterrupto ou isento de erros, isento de v\u00edrus ou de outro material prejudicial, ou de que as informa\u00e7\u00f5es neste website contidas sejam completas, precisas ou oportunas.<\/p>\n<p>A\u00a0W4M Digital Solutions reserva-se ao direito de realizar altera\u00e7\u00f5es e corre\u00e7\u00f5es, suspender ou encerrar o website quando considerar apropriado e sem necessidade de pr\u00e9-aviso a qualquer membro ou entidade.<\/p>\n<p>A\u00a0W4M Digital Solutions n\u00e3o filtra ou monitoriza previamente o conte\u00fado transmitido a este website por terceiros e n\u00e3o \u00e9 respons\u00e1vel pela filtragem ou monitoriza\u00e7\u00e3o de nenhum conte\u00fado deste tipo. Caso notificada, a\u00a0W4M Digital Solutions pode investigar uma alega\u00e7\u00e3o de que o conte\u00fado transmitido a este website est\u00e1 a violar os Termos e Condi\u00e7\u00f5es e podem determinar se far\u00e1 com que a informa\u00e7\u00e3o seja removida destes sites.<\/p>\n<p>A\u00a0W4M Digital Solutions n\u00e3o assume responsabilidade ou obriga\u00e7\u00e3o por qualquer a\u00e7\u00e3o ou conte\u00fado transmitidos por ou entre o utilizador ou quaisquer terceiros dentro ou fora deste website.<\/p>\n<p>N\u00e3o obstante, o utilizador concorda em n\u00e3o transmitir a este website nenhum conte\u00fado il\u00edcito, amea\u00e7ador, acusat\u00f3rio, difamat\u00f3rio, obsceno, escandaloso, pornogr\u00e1fico ou profano, ou qualquer outro conte\u00fado que possa constituir ou encorajar conduta que viole alguma lei. A\u00a0W4M Digital Solutions cooperar\u00e1 plenamente com quaisquer autoridades competentes para a aplica\u00e7\u00e3o da lei ou despacho de tribunal solicitando ou ordenando \u00e0\u00a0W4M Digital Solutions que revele a identidade ou ajude a identificar ou localizar qualquer pessoa que transmita tal conte\u00fado.<\/p>\n<p>&nbsp;<\/p>\n<h3>Responsabilidade, uso e risco<\/h3>\n<p>A\u00a0W4M Digital Solutions, bem como qualquer outra parte envolvida na cria\u00e7\u00e3o, produ\u00e7\u00e3o, manuten\u00e7\u00e3o ou implementa\u00e7\u00e3o deste website, n\u00e3o ser\u00e3o respons\u00e1veis perante qualquer utilizador do website, por qualquer poss\u00edvel dano, preju\u00edzo ou les\u00e3o que advenham da utiliza\u00e7\u00e3o correta ou incorreta destes sites e seu conte\u00fado, do acesso ao computador ou sistema inform\u00e1tico do utilizador por terceiros, v\u00edrus, etc.<\/p>\n<p>Este website pode conter links para websites de terceiros. Estes links s\u00e3o fornecidos unicamente para a conveni\u00eancia e acessibilidade do utilizador. A\u00a0W4M Digital Solutions n\u00e3o endossa o conte\u00fado de qualquer desses sites de terceiros e n\u00e3o s\u00e3o respons\u00e1veis pelo conte\u00fado de qualquer desses websites. O acesso e visita a qualquer desses websites de terceiros s\u00e3o conduzidos por inteiro risco do utilizador.<\/p>\n<p>Est\u00e1 expressamente proibida a utiliza\u00e7\u00e3o do website para fins ilegais ou quaisquer outros fins que possam ser considerados indignos da imagem da W4M Digital Solutions.<\/p>\n<p>\u00c9 tamb\u00e9m proibido ao utilizador criar ou introduzir nestes sites quaisquer tipos de v\u00edrus ou programas que o danifiquem ou contaminem ou aconselhar terceiros a faz\u00ea-lo. Os infratores ser\u00e3o alvo de processo criminal.<\/p>\n<p>&nbsp;<\/p>\n<h3>Livro de reclama\u00e7\u00f5es eletr\u00f3nico<\/h3>\n<p>Clientes ou utentes que pretendam manifestar insatisfa\u00e7\u00e3o em rela\u00e7\u00e3o \u00e0 presta\u00e7\u00e3o de servi\u00e7os, comercializa\u00e7\u00e3o de produtos ou qualidade de atendimento, podem apresentar formalmente reclama\u00e7\u00e3o, a qual \u00e9 objeto de an\u00e1lise e tratamento pela W4M \u2013 Digital Solutions, Limitada. O reclamante deve indicar elementos de identifica\u00e7\u00e3o que viabilizem a an\u00e1lise e descrever de forma clara e completa os factos que motivam a reclama\u00e7\u00e3o. A reclama\u00e7\u00e3o pode ser apresentada de tr\u00eas formas poss\u00edveis:<\/p>\n<p>\u2013 No Livro de Reclama\u00e7\u00f5es Eletr\u00f3nico dispon\u00edvel em https:\/\/www.livroreclamacoes.pt<\/p>\n<p>\u2013 No Livro de Reclama\u00e7\u00f5es f\u00edsico em papel, dispon\u00edvel na sede.<\/p>\n<p>\u2013 Por correio eletr\u00f3nio dirigido a info@w4msolutions.com<\/p>\n<p>A W4M \u2013 Digital Solutions, Limitada comunicar\u00e1 formalmente a decis\u00e3o, quer assista raz\u00e3o ao reclamante, quer nos restantes casos. S\u00e3o desenvolvidas todas as dilig\u00eancias para conclus\u00e3o c\u00e9lere dos processos de reclama\u00e7\u00e3o. Nos casos de elevado grau de complexidade, mant\u00e9m-se o reclamante informado, atrav\u00e9s dos meios considerados mais adequados.<\/p>\n<p>[\/et_pb_text][\/et_pb_column][\/et_pb_row][\/et_pb_section][et_pb_section fb_built=&#8221;1&#8243; _builder_version=&#8221;4.27.4&#8243; _module_preset=&#8221;default&#8221; background_color=&#8221;#313233&#8243; custom_padding=&#8221;11px||11px|||&#8221; global_module=&#8221;183&#8243; saved_tabs=&#8221;all&#8221; global_colors_info=&#8221;{}&#8221;][et_pb_row _builder_version=&#8221;4.27.4&#8243; _module_preset=&#8221;default&#8221; width=&#8221;100%&#8221; max_width=&#8221;100%&#8221; custom_padding=&#8221;9px||5px|||&#8221; global_colors_info=&#8221;{}&#8221;][et_pb_column type=&#8221;4_4&#8243; _builder_version=&#8221;4.27.4&#8243; _module_preset=&#8221;default&#8221; pac_dcm_carousel_specific_module_num=&#8221;0&#8243; global_colors_info=&#8221;{}&#8221;][dica_divi_carousel show_items_desktop=&#8221;8&#8243; loop=&#8221;on&#8221; autoplay=&#8221;on&#8221; autoplay_speed=&#8221;2000&#8243; item_spacing=&#8221;2&#8243; equal_height=&#8221;on&#8221; advanced_effect=&#8221;1&#8243; overlay_color_field_bgcolor=&#8221;rgba(255,255,255,0.85)&#8221; image_sizing=&#8221;50%&#8221; _builder_version=&#8221;4.27.4&#8243; _module_preset=&#8221;default&#8221; custom_css_title=&#8221;display:none;&#8221; global_colors_info=&#8221;{}&#8221;][dica_divi_carouselitem title=&#8221;Anantara&#8221; button_url_new_window=&#8221;1&#8243; image=&#8221;https:\/\/turismo.w4msolutions.com\/wp-content\/uploads\/2025\/02\/logo_anantara.png&#8221; image_alt=&#8221;Hotel Anantara&#8221; _builder_version=&#8221;4.27.4&#8243; _module_preset=&#8221;default&#8221; global_colors_info=&#8221;{}&#8221;][\/dica_divi_carouselitem][dica_divi_carouselitem title=&#8221;Quinta da Marinha&#8221; button_url_new_window=&#8221;1&#8243; image=&#8221;https:\/\/turismo.w4msolutions.com\/wp-content\/uploads\/2025\/02\/logo_quintamarinha.png&#8221; image_alt=&#8221;Hotel Quinta da Marinha&#8221; _builder_version=&#8221;4.27.4&#8243; _module_preset=&#8221;default&#8221; global_colors_info=&#8221;{}&#8221;][\/dica_divi_carouselitem][dica_divi_carouselitem title=&#8221;Quinta do Fur\u00e3o&#8221; button_url_new_window=&#8221;1&#8243; image=&#8221;https:\/\/turismo.w4msolutions.com\/wp-content\/uploads\/2025\/02\/logo_quintafurao.png&#8221; image_alt=&#8221;Hotel Quinta do Fur\u00e3o&#8221; _builder_version=&#8221;4.27.4&#8243; _module_preset=&#8221;default&#8221; global_colors_info=&#8221;{}&#8221;][\/dica_divi_carouselitem][dica_divi_carouselitem title=&#8221;Lisboa Camping&#8221; button_url_new_window=&#8221;1&#8243; image=&#8221;https:\/\/turismo.w4msolutions.com\/wp-content\/uploads\/2025\/02\/logo_lisboacamping.png&#8221; image_alt=&#8221;Lisboa Camping Bungalows&#8221; _builder_version=&#8221;4.27.4&#8243; _module_preset=&#8221;default&#8221; global_colors_info=&#8221;{}&#8221;][\/dica_divi_carouselitem][dica_divi_carouselitem title=&#8221;Inatel&#8221; button_url_new_window=&#8221;1&#8243; image=&#8221;https:\/\/turismo.w4msolutions.com\/wp-content\/uploads\/2025\/02\/logo_inatel.png&#8221; image_alt=&#8221;Inatel&#8221; _builder_version=&#8221;4.27.4&#8243; _module_preset=&#8221;default&#8221; global_colors_info=&#8221;{}&#8221;][\/dica_divi_carouselitem][dica_divi_carouselitem title=&#8221;Esta\u00e7\u00e3o Menina Bonita&#8221; button_url_new_window=&#8221;1&#8243; image=&#8221;https:\/\/turismo.w4msolutions.com\/wp-content\/uploads\/2025\/02\/logo_estacaomeninabonita.png&#8221; image_alt=&#8221;Esta\u00e7\u00e3o Menina Bonita&#8221; _builder_version=&#8221;4.27.4&#8243; _module_preset=&#8221;default&#8221; global_colors_info=&#8221;{}&#8221;][\/dica_divi_carouselitem][dica_divi_carouselitem title=&#8221;Euromoniz&#8221; button_url_new_window=&#8221;1&#8243; image=&#8221;https:\/\/turismo.w4msolutions.com\/wp-content\/uploads\/2025\/02\/logo_euromoniz.png&#8221; image_alt=&#8221;Hotel Dublin&#8221; _builder_version=&#8221;4.27.4&#8243; _module_preset=&#8221;default&#8221; global_colors_info=&#8221;{}&#8221;][\/dica_divi_carouselitem][dica_divi_carouselitem title=&#8221;Wine &amp; Books&#8221; button_url_new_window=&#8221;1&#8243; image=&#8221;https:\/\/turismo.w4msolutions.com\/wp-content\/uploads\/2025\/02\/logo_winebook.png&#8221; image_alt=&#8221;Wine &amp; Books Hotel&#8221; _builder_version=&#8221;4.27.4&#8243; _module_preset=&#8221;default&#8221; global_colors_info=&#8221;{}&#8221;][\/dica_divi_carouselitem][dica_divi_carouselitem title=&#8221;Vidamar&#8221; button_url_new_window=&#8221;1&#8243; image=&#8221;https:\/\/turismo.w4msolutions.com\/wp-content\/uploads\/2025\/02\/logo_vidamar.png&#8221; image_alt=&#8221;Vidamar Hotels&#8221; _builder_version=&#8221;4.27.4&#8243; _module_preset=&#8221;default&#8221; global_colors_info=&#8221;{}&#8221;][\/dica_divi_carouselitem][dica_divi_carouselitem title=&#8221;Trivalor&#8221; button_url_new_window=&#8221;1&#8243; image=&#8221;https:\/\/turismo.w4msolutions.com\/wp-content\/uploads\/2025\/02\/logo_trivalor.png&#8221; image_alt=&#8221;Trivalor&#8221; _builder_version=&#8221;4.27.4&#8243; _module_preset=&#8221;default&#8221; global_colors_info=&#8221;{}&#8221;][\/dica_divi_carouselitem][dica_divi_carouselitem title=&#8221;Tomatino&#8221; button_url_new_window=&#8221;1&#8243; image=&#8221;https:\/\/turismo.w4msolutions.com\/wp-content\/uploads\/2025\/02\/logo_tomatino.png&#8221; image_alt=&#8221;Tomatino&#8221; _builder_version=&#8221;4.27.4&#8243; _module_preset=&#8221;default&#8221; global_colors_info=&#8221;{}&#8221;][\/dica_divi_carouselitem][dica_divi_carouselitem title=&#8221;Slide &amp; Splash&#8221; button_url_new_window=&#8221;1&#8243; image=&#8221;https:\/\/turismo.w4msolutions.com\/wp-content\/uploads\/2025\/02\/logo_slideSplah.png&#8221; image_alt=&#8221;Tomatino&#8221; _builder_version=&#8221;4.27.4&#8243; _module_preset=&#8221;default&#8221; global_colors_info=&#8221;{}&#8221;][\/dica_divi_carouselitem][dica_divi_carouselitem title=&#8221;Santarem Hotel&#8221; button_url_new_window=&#8221;1&#8243; image=&#8221;https:\/\/turismo.w4msolutions.com\/wp-content\/uploads\/2025\/02\/logo_santaremhotel.png&#8221; image_alt=&#8221;Santarem Hotel&#8221; _builder_version=&#8221;4.27.4&#8243; _module_preset=&#8221;default&#8221; global_colors_info=&#8221;{}&#8221;][\/dica_divi_carouselitem][dica_divi_carouselitem title=&#8221;Penha Longa&#8221; button_url_new_window=&#8221;1&#8243; image=&#8221;https:\/\/turismo.w4msolutions.com\/wp-content\/uploads\/2025\/02\/logo_penhalonga.png&#8221; image_alt=&#8221;Penha Longa&#8221; _builder_version=&#8221;4.27.4&#8243; _module_preset=&#8221;default&#8221; global_colors_info=&#8221;{}&#8221;][\/dica_divi_carouselitem][dica_divi_carouselitem title=&#8221;Ocean\u00e1rio&#8221; button_url_new_window=&#8221;1&#8243; image=&#8221;https:\/\/turismo.w4msolutions.com\/wp-content\/uploads\/2025\/02\/logo_oceanariolisboa.png&#8221; image_alt=&#8221;Ocean\u00e1rio de Lisboa&#8221; _builder_version=&#8221;4.27.4&#8243; _module_preset=&#8221;default&#8221; global_colors_info=&#8221;{}&#8221;][\/dica_divi_carouselitem][dica_divi_carouselitem title=&#8221;NOS Alive&#8221; button_url_new_window=&#8221;1&#8243; image=&#8221;https:\/\/turismo.w4msolutions.com\/wp-content\/uploads\/2025\/02\/logo_nosalive.png&#8221; image_alt=&#8221;NOS Alive&#8221; _builder_version=&#8221;4.27.4&#8243; _module_preset=&#8221;default&#8221; global_colors_info=&#8221;{}&#8221;][\/dica_divi_carouselitem][dica_divi_carouselitem title=&#8221;Noori Sushi&#8221; button_url_new_window=&#8221;1&#8243; image=&#8221;https:\/\/turismo.w4msolutions.com\/wp-content\/uploads\/2025\/02\/logo_noorisushi.png&#8221; image_alt=&#8221;Noori Sushi&#8221; _builder_version=&#8221;4.27.4&#8243; _module_preset=&#8221;default&#8221; global_colors_info=&#8221;{}&#8221;][\/dica_divi_carouselitem][dica_divi_carouselitem title=&#8221;Holmes Place&#8221; button_url_new_window=&#8221;1&#8243; image=&#8221;https:\/\/turismo.w4msolutions.com\/wp-content\/uploads\/2025\/02\/logo_holmesplace.png&#8221; image_alt=&#8221;Holmes Place&#8221; _builder_version=&#8221;4.27.4&#8243; _module_preset=&#8221;default&#8221; global_colors_info=&#8221;{}&#8221;][\/dica_divi_carouselitem][dica_divi_carouselitem title=&#8221;H3&#8243; button_url_new_window=&#8221;1&#8243; image=&#8221;https:\/\/turismo.w4msolutions.com\/wp-content\/uploads\/2025\/02\/logo_h3.png&#8221; image_alt=&#8221;H3&#8243; _builder_version=&#8221;4.27.4&#8243; _module_preset=&#8221;default&#8221; global_colors_info=&#8221;{}&#8221;][\/dica_divi_carouselitem][dica_divi_carouselitem title=&#8221;Go Natural&#8221; button_url_new_window=&#8221;1&#8243; image=&#8221;https:\/\/turismo.w4msolutions.com\/wp-content\/uploads\/2025\/02\/logo_gonatural.png&#8221; image_alt=&#8221;Go Natural&#8221; _builder_version=&#8221;4.27.4&#8243; _module_preset=&#8221;default&#8221; global_colors_info=&#8221;{}&#8221;][\/dica_divi_carouselitem][dica_divi_carouselitem title=&#8221;Cozinha Continente&#8221; button_url_new_window=&#8221;1&#8243; image=&#8221;https:\/\/turismo.w4msolutions.com\/wp-content\/uploads\/2025\/02\/logo_cozinhacontinente.png&#8221; image_alt=&#8221;Cozinha Continente&#8221; _builder_version=&#8221;4.27.4&#8243; _module_preset=&#8221;default&#8221; global_colors_info=&#8221;{}&#8221;][\/dica_divi_carouselitem][dica_divi_carouselitem title=&#8221;Cervejaria Ramiro&#8221; button_url_new_window=&#8221;1&#8243; image=&#8221;https:\/\/turismo.w4msolutions.com\/wp-content\/uploads\/2025\/02\/logo_cervejariaramiro.png&#8221; image_alt=&#8221;Cervejaria Ramiro&#8221; _builder_version=&#8221;4.27.4&#8243; _module_preset=&#8221;default&#8221; global_colors_info=&#8221;{}&#8221;][\/dica_divi_carouselitem][dica_divi_carouselitem title=&#8221;Caf\u00e9 3&#8243; button_url_new_window=&#8221;1&#8243; image=&#8221;https:\/\/turismo.w4msolutions.com\/wp-content\/uploads\/2025\/02\/logo_cafe3.png&#8221; image_alt=&#8221;Caf\u00e93&#8243; _builder_version=&#8221;4.27.4&#8243; _module_preset=&#8221;default&#8221; global_colors_info=&#8221;{}&#8221;][\/dica_divi_carouselitem][dica_divi_carouselitem title=&#8221;Bagga&#8221; button_url_new_window=&#8221;1&#8243; image=&#8221;https:\/\/turismo.w4msolutions.com\/wp-content\/uploads\/2025\/02\/logo_bagga.png&#8221; image_alt=&#8221;Bagga&#8221; _builder_version=&#8221;4.27.4&#8243; _module_preset=&#8221;default&#8221; global_colors_info=&#8221;{}&#8221;][\/dica_divi_carouselitem][dica_divi_carouselitem title=&#8221;Aut\u00f3dromo Int. Algarve&#8221; button_url_new_window=&#8221;1&#8243; image=&#8221;https:\/\/turismo.w4msolutions.com\/wp-content\/uploads\/2025\/02\/logo_autodromoalgarve.png&#8221; image_alt=&#8221;Aut\u00f3dromo Internacional Algarve&#8221; _builder_version=&#8221;4.27.4&#8243; _module_preset=&#8221;default&#8221; global_colors_info=&#8221;{}&#8221;][\/dica_divi_carouselitem][dica_divi_carouselitem title=&#8221;Rock in Rio&#8221; button_url_new_window=&#8221;1&#8243; image=&#8221;https:\/\/turismo.w4msolutions.com\/wp-content\/uploads\/2025\/02\/logo_rockinrio.png&#8221; image_alt=&#8221;Rock in Rio&#8221; _builder_version=&#8221;4.27.4&#8243; _module_preset=&#8221;default&#8221; global_colors_info=&#8221;{}&#8221;][\/dica_divi_carouselitem][\/dica_divi_carousel][\/et_pb_column][\/et_pb_row][\/et_pb_section]<\/p>\n","protected":false},"excerpt":{"rendered":"<p>W4M Digital SolutionsTermos e Condi\u00e7\u00f5esO presente documento estabelece as regras que regulam o acesso e utiliza\u00e7\u00e3o pelo utilizador do presente website. O Utilizador reconhece que ao aceder, consultar e utilizar o website est\u00e1 a aceitar estes Termos de Utiliza\u00e7\u00e3o. &nbsp; Propriedade Este website \u00e9 propriedade da W4M \u2013 Digital Solutions, Limitada. Empresa portuguesa registada sobre [&hellip;]<\/p>\n","protected":false},"author":1,"featured_media":0,"parent":0,"menu_order":0,"comment_status":"closed","ping_status":"closed","template":"","meta":{"_et_pb_use_builder":"on","_et_pb_old_content":"","_et_gb_content_width":"","footnotes":""},"class_list":["post-2752","page","type-page","status-publish","hentry"],"_links":{"self":[{"href":"https:\/\/turismo.w4msolutions.com\/en\/wp-json\/wp\/v2\/pages\/2752","targetHints":{"allow":["GET"]}}],"collection":[{"href":"https:\/\/turismo.w4msolutions.com\/en\/wp-json\/wp\/v2\/pages"}],"about":[{"href":"https:\/\/turismo.w4msolutions.com\/en\/wp-json\/wp\/v2\/types\/page"}],"author":[{"embeddable":true,"href":"https:\/\/turismo.w4msolutions.com\/en\/wp-json\/wp\/v2\/users\/1"}],"replies":[{"embeddable":true,"href":"https:\/\/turismo.w4msolutions.com\/en\/wp-json\/wp\/v2\/comments?post=2752"}],"version-history":[{"count":7,"href":"https:\/\/turismo.w4msolutions.com\/en\/wp-json\/wp\/v2\/pages\/2752\/revisions"}],"predecessor-version":[{"id":5842,"href":"https:\/\/turismo.w4msolutions.com\/en\/wp-json\/wp\/v2\/pages\/2752\/revisions\/5842"}],"wp:attachment":[{"href":"https:\/\/turismo.w4msolutions.com\/en\/wp-json\/wp\/v2\/media?parent=2752"}],"curies":[{"name":"wp","href":"https:\/\/api.w.org\/{rel}","templated":true}]}}